{"id":575,"date":"2024-08-05T16:57:14","date_gmt":"2024-08-05T14:57:14","guid":{"rendered":"https:\/\/placedurhum.com\/?post_type=product&#038;p=575"},"modified":"2024-08-05T16:57:14","modified_gmt":"2024-08-05T14:57:14","slug":"saint-james-1997-single-cask","status":"publish","type":"product","link":"https:\/\/placedurhum.com\/index.php\/produit\/saint-james-1997-single-cask\/","title":{"rendered":"Saint James 1997 Single cask"},"content":{"rendered":"<p>Un nouveau rhum de la Maison : LeSingle Cask 1997, digne h\u00e9ritier des remarquables mill\u00e9simes de 1998 et 1999.<\/p>\n<p>Ce mill\u00e9sime de 1997 n\u00e9 de la collaboration entre Marc Sassier, \u0153nologue, et Gilbert Bolinois, ma\u00eetre de chai, de la renomm\u00e9e distillerie de Sainte-Marie.<\/p>\n<p>Le Single Cask, ou F\u00fbt unique, provient exclusivement d&#8217;un seul f\u00fbt, sans assemblage.<\/p>\n<p>Les f\u00fbts de 200 litres en Quercus Alba utilis\u00e9s pour viellir ce rhum ont \u00e9t\u00e9 choisis pour leur capacit\u00e9 \u00e0 ajouter rondeur et puissance au rhum au fil du temps.<\/p>\n<p>La seule op\u00e9ration effectu\u00e9e avant l\u2019embouteillage a \u00e9t\u00e9 une r\u00e9duction lente et soign\u00e9e, permettant d&#8217;affiner la richesse du profil tout en conservant son intensit\u00e9, pour atteindre un degr\u00e9 de 42,7\u00b0.<\/p>\n<p>Nez<br \/>\nLe nez r\u00e9v\u00e8le imm\u00e9diatement la signature Saint-James, avec des ar\u00f4mes subtilement \u00e9pic\u00e9s et un alcool parfaitement int\u00e9gr\u00e9.<\/p>\n<p>Bouche<br \/>\nEn bouche, on retrouve l&#8217;essence m\u00eame de Saint-James. Des notes de cacao, de moka et de fruits secs envahissent le palais avec \u00e9l\u00e9gance.<\/p>\n<p>Finale<br \/>\nLa finale est chaleureuse et s\u00e9duisante, avec des notes envo\u00fbtantes de bo\u00eete \u00e0 cigares et de pruneau.<\/p>\n<p>Ce rhum est vendu dans sa superbe boite en bois.<\/p>\n","protected":false},"excerpt":{"rendered":"<p>Saint James 1997 Single cask<\/p>\n<p>42,7\u00b0<\/p>\n<p>70cl<\/p>\n","protected":false},"featured_media":576,"template":"","meta":[],"product_brand":[],"product_cat":[21],"product_tag":[],"class_list":{"0":"post-575","1":"product","2":"type-product","3":"status-publish","4":"has-post-thumbnail","6":"product_cat-rhum-agricole","8":"entry","9":"has-media","11":"first","12":"instock","13":"sale","14":"taxable","15":"shipping-taxable","16":"purchasable","17":"product-type-simple","18":"col","19":"span_1_of_3","20":"owp-content-center","21":"item-entry","22":"owp-thumbs-layout-horizontal","23":"owp-btn-normal","24":"owp-tabs-layout-horizontal","25":"has-no-thumbnails","26":"circle-sale"},"yoast_head":"<!-- This site is optimized with the Yoast SEO plugin v23.6 - https:\/\/yoast.com\/wordpress\/plugins\/seo\/ -->\n<title>Saint James 1997 Single cask - Place du rhum<\/title>\n<meta name=\"robots\" content=\"index, follow, max-snippet:-1, max-image-preview:large, max-video-preview:-1\" \/>\n<link rel=\"canonical\" href=\"https:\/\/placedurhum.com\/index.php\/produit\/saint-james-1997-single-cask\/\" \/>\n<meta property=\"og:locale\" content=\"en_US\" \/>\n<meta property=\"og:type\" content=\"article\" \/>\n<meta property=\"og:title\" content=\"Saint James 1997 Single cask - Place du rhum\" \/>\n<meta property=\"og:description\" content=\"Saint James 1997 Single cask  42,7\u00b0  70cl\" \/>\n<meta property=\"og:url\" content=\"https:\/\/placedurhum.com\/index.php\/produit\/saint-james-1997-single-cask\/\" \/>\n<meta property=\"og:site_name\" content=\"Place du rhum\" \/>\n<meta property=\"article:publisher\" content=\"https:\/\/www.facebook.com\/placedurhum\/?locale=fr_FR\" \/>\n<meta property=\"og:image\" content=\"https:\/\/placedurhum.com\/wp-content\/uploads\/2024\/08\/IMG_6815-scaled.jpeg\" \/>\n\t<meta property=\"og:image:width\" content=\"1920\" \/>\n\t<meta property=\"og:image:height\" content=\"2560\" \/>\n\t<meta property=\"og:image:type\" content=\"image\/jpeg\" \/>\n<meta name=\"twitter:card\" content=\"summary_large_image\" \/>\n<meta name=\"twitter:label1\" content=\"Est. reading time\" \/>\n\t<meta name=\"twitter:data1\" content=\"1 minute\" \/>\n<script type=\"application\/ld+json\" class=\"yoast-schema-graph\">{\"@context\":\"https:\/\/schema.org\",\"@graph\":[{\"@type\":\"WebPage\",\"@id\":\"https:\/\/placedurhum.com\/index.php\/produit\/saint-james-1997-single-cask\/\",\"url\":\"https:\/\/placedurhum.com\/index.php\/produit\/saint-james-1997-single-cask\/\",\"name\":\"Saint James 1997 Single cask - Place du rhum\",\"isPartOf\":{\"@id\":\"https:\/\/placedurhum.com\/#website\"},\"primaryImageOfPage\":{\"@id\":\"https:\/\/placedurhum.com\/index.php\/produit\/saint-james-1997-single-cask\/#primaryimage\"},\"image\":{\"@id\":\"https:\/\/placedurhum.com\/index.php\/produit\/saint-james-1997-single-cask\/#primaryimage\"},\"thumbnailUrl\":\"https:\/\/placedurhum.com\/wp-content\/uploads\/2024\/08\/IMG_6815-scaled.jpeg\",\"datePublished\":\"2024-08-05T14:57:14+00:00\",\"dateModified\":\"2024-08-05T14:57:14+00:00\",\"breadcrumb\":{\"@id\":\"https:\/\/placedurhum.com\/index.php\/produit\/saint-james-1997-single-cask\/#breadcrumb\"},\"inLanguage\":\"en-US\",\"potentialAction\":[{\"@type\":\"ReadAction\",\"target\":[\"https:\/\/placedurhum.com\/index.php\/produit\/saint-james-1997-single-cask\/\"]}]},{\"@type\":\"ImageObject\",\"inLanguage\":\"en-US\",\"@id\":\"https:\/\/placedurhum.com\/index.php\/produit\/saint-james-1997-single-cask\/#primaryimage\",\"url\":\"https:\/\/placedurhum.com\/wp-content\/uploads\/2024\/08\/IMG_6815-scaled.jpeg\",\"contentUrl\":\"https:\/\/placedurhum.com\/wp-content\/uploads\/2024\/08\/IMG_6815-scaled.jpeg\",\"width\":1920,\"height\":2560},{\"@type\":\"BreadcrumbList\",\"@id\":\"https:\/\/placedurhum.com\/index.php\/produit\/saint-james-1997-single-cask\/#breadcrumb\",\"itemListElement\":[{\"@type\":\"ListItem\",\"position\":1,\"name\":\"Accueil\",\"item\":\"https:\/\/placedurhum.com\/\"},{\"@type\":\"ListItem\",\"position\":2,\"name\":\"Boutique\",\"item\":\"https:\/\/placedurhum.com\/index.php\/boutique\/\"},{\"@type\":\"ListItem\",\"position\":3,\"name\":\"Saint James 1997 Single cask\"}]},{\"@type\":\"WebSite\",\"@id\":\"https:\/\/placedurhum.com\/#website\",\"url\":\"https:\/\/placedurhum.com\/\",\"name\":\"Place du rhum\",\"description\":\"Cave et bar \u00e0 cocktail\",\"publisher\":{\"@id\":\"https:\/\/placedurhum.com\/#organization\"},\"potentialAction\":[{\"@type\":\"SearchAction\",\"target\":{\"@type\":\"EntryPoint\",\"urlTemplate\":\"https:\/\/placedurhum.com\/?s={search_term_string}\"},\"query-input\":{\"@type\":\"PropertyValueSpecification\",\"valueRequired\":true,\"valueName\":\"search_term_string\"}}],\"inLanguage\":\"en-US\"},{\"@type\":\"Organization\",\"@id\":\"https:\/\/placedurhum.com\/#organization\",\"name\":\"Place du rhum\",\"url\":\"https:\/\/placedurhum.com\/\",\"logo\":{\"@type\":\"ImageObject\",\"inLanguage\":\"en-US\",\"@id\":\"https:\/\/placedurhum.com\/#\/schema\/logo\/image\/\",\"url\":\"https:\/\/placedurhum.com\/wp-content\/uploads\/2024\/06\/cropped-logo_placedurhum.png\",\"contentUrl\":\"https:\/\/placedurhum.com\/wp-content\/uploads\/2024\/06\/cropped-logo_placedurhum.png\",\"width\":150,\"height\":140,\"caption\":\"Place du rhum\"},\"image\":{\"@id\":\"https:\/\/placedurhum.com\/#\/schema\/logo\/image\/\"},\"sameAs\":[\"https:\/\/www.facebook.com\/placedurhum\/?locale=fr_FR\",\"https:\/\/www.instagram.com\/placedurhum\/\"]}]}<\/script>\n<!-- \/ Yoast SEO plugin. -->","yoast_head_json":{"title":"Saint James 1997 Single cask - Place du rhum","robots":{"index":"index","follow":"follow","max-snippet":"max-snippet:-1","max-image-preview":"max-image-preview:large","max-video-preview":"max-video-preview:-1"},"canonical":"https:\/\/placedurhum.com\/index.php\/produit\/saint-james-1997-single-cask\/","og_locale":"en_US","og_type":"article","og_title":"Saint James 1997 Single cask - Place du rhum","og_description":"Saint James 1997 Single cask  42,7\u00b0  70cl","og_url":"https:\/\/placedurhum.com\/index.php\/produit\/saint-james-1997-single-cask\/","og_site_name":"Place du rhum","article_publisher":"https:\/\/www.facebook.com\/placedurhum\/?locale=fr_FR","og_image":[{"width":1920,"height":2560,"url":"https:\/\/placedurhum.com\/wp-content\/uploads\/2024\/08\/IMG_6815-scaled.jpeg","type":"image\/jpeg"}],"twitter_card":"summary_large_image","twitter_misc":{"Est. reading time":"1 minute"},"schema":{"@context":"https:\/\/schema.org","@graph":[{"@type":"WebPage","@id":"https:\/\/placedurhum.com\/index.php\/produit\/saint-james-1997-single-cask\/","url":"https:\/\/placedurhum.com\/index.php\/produit\/saint-james-1997-single-cask\/","name":"Saint James 1997 Single cask - Place du rhum","isPartOf":{"@id":"https:\/\/placedurhum.com\/#website"},"primaryImageOfPage":{"@id":"https:\/\/placedurhum.com\/index.php\/produit\/saint-james-1997-single-cask\/#primaryimage"},"image":{"@id":"https:\/\/placedurhum.com\/index.php\/produit\/saint-james-1997-single-cask\/#primaryimage"},"thumbnailUrl":"https:\/\/placedurhum.com\/wp-content\/uploads\/2024\/08\/IMG_6815-scaled.jpeg","datePublished":"2024-08-05T14:57:14+00:00","dateModified":"2024-08-05T14:57:14+00:00","breadcrumb":{"@id":"https:\/\/placedurhum.com\/index.php\/produit\/saint-james-1997-single-cask\/#breadcrumb"},"inLanguage":"en-US","potentialAction":[{"@type":"ReadAction","target":["https:\/\/placedurhum.com\/index.php\/produit\/saint-james-1997-single-cask\/"]}]},{"@type":"ImageObject","inLanguage":"en-US","@id":"https:\/\/placedurhum.com\/index.php\/produit\/saint-james-1997-single-cask\/#primaryimage","url":"https:\/\/placedurhum.com\/wp-content\/uploads\/2024\/08\/IMG_6815-scaled.jpeg","contentUrl":"https:\/\/placedurhum.com\/wp-content\/uploads\/2024\/08\/IMG_6815-scaled.jpeg","width":1920,"height":2560},{"@type":"BreadcrumbList","@id":"https:\/\/placedurhum.com\/index.php\/produit\/saint-james-1997-single-cask\/#breadcrumb","itemListElement":[{"@type":"ListItem","position":1,"name":"Accueil","item":"https:\/\/placedurhum.com\/"},{"@type":"ListItem","position":2,"name":"Boutique","item":"https:\/\/placedurhum.com\/index.php\/boutique\/"},{"@type":"ListItem","position":3,"name":"Saint James 1997 Single cask"}]},{"@type":"WebSite","@id":"https:\/\/placedurhum.com\/#website","url":"https:\/\/placedurhum.com\/","name":"Place du rhum","description":"Cave et bar \u00e0 cocktail","publisher":{"@id":"https:\/\/placedurhum.com\/#organization"},"potentialAction":[{"@type":"SearchAction","target":{"@type":"EntryPoint","urlTemplate":"https:\/\/placedurhum.com\/?s={search_term_string}"},"query-input":{"@type":"PropertyValueSpecification","valueRequired":true,"valueName":"search_term_string"}}],"inLanguage":"en-US"},{"@type":"Organization","@id":"https:\/\/placedurhum.com\/#organization","name":"Place du rhum","url":"https:\/\/placedurhum.com\/","logo":{"@type":"ImageObject","inLanguage":"en-US","@id":"https:\/\/placedurhum.com\/#\/schema\/logo\/image\/","url":"https:\/\/placedurhum.com\/wp-content\/uploads\/2024\/06\/cropped-logo_placedurhum.png","contentUrl":"https:\/\/placedurhum.com\/wp-content\/uploads\/2024\/06\/cropped-logo_placedurhum.png","width":150,"height":140,"caption":"Place du rhum"},"image":{"@id":"https:\/\/placedurhum.com\/#\/schema\/logo\/image\/"},"sameAs":["https:\/\/www.facebook.com\/placedurhum\/?locale=fr_FR","https:\/\/www.instagram.com\/placedurhum\/"]}]}},"_links":{"self":[{"href":"https:\/\/placedurhum.com\/index.php\/wp-json\/wp\/v2\/product\/575","targetHints":{"allow":["GET"]}}],"collection":[{"href":"https:\/\/placedurhum.com\/index.php\/wp-json\/wp\/v2\/product"}],"about":[{"href":"https:\/\/placedurhum.com\/index.php\/wp-json\/wp\/v2\/types\/product"}],"wp:featuredmedia":[{"embeddable":true,"href":"https:\/\/placedurhum.com\/index.php\/wp-json\/wp\/v2\/media\/576"}],"wp:attachment":[{"href":"https:\/\/placedurhum.com\/index.php\/wp-json\/wp\/v2\/media?parent=575"}],"wp:term":[{"taxonomy":"product_brand","embeddable":true,"href":"https:\/\/placedurhum.com\/index.php\/wp-json\/wp\/v2\/product_brand?post=575"},{"taxonomy":"product_cat","embeddable":true,"href":"https:\/\/placedurhum.com\/index.php\/wp-json\/wp\/v2\/product_cat?post=575"},{"taxonomy":"product_tag","embeddable":true,"href":"https:\/\/placedurhum.com\/index.php\/wp-json\/wp\/v2\/product_tag?post=575"}],"curies":[{"name":"wp","href":"https:\/\/api.w.org\/{rel}","templated":true}]}}