{"id":572,"date":"2024-08-04T17:13:26","date_gmt":"2024-08-04T15:13:26","guid":{"rendered":"https:\/\/placedurhum.com\/?post_type=product&#038;p=572"},"modified":"2024-08-04T17:13:27","modified_gmt":"2024-08-04T15:13:27","slug":"bologne-2014-les-exclusifs-rhum-hors-dage-100-canne-noire-5954","status":"publish","type":"product","link":"https:\/\/placedurhum.com\/index.php\/produit\/bologne-2014-les-exclusifs-rhum-hors-dage-100-canne-noire-5954\/","title":{"rendered":"Bologne 2014 Les exclusifs Rhum hors d&#8217;\u00e2ge 100% Canne noire 59,54"},"content":{"rendered":"<div class=\"flex-shrink-0 flex flex-col relative items-end\">\n<div>\n<div class=\"pt-0\">\n<div class=\"gizmo-bot-avatar flex h-8 w-8 items-center justify-center overflow-hidden rounded-full\">\n<div class=\"relative p-1 rounded-sm flex items-center justify-center bg-token-main-surface-primary text-token-text-primary h-8 w-8\"><\/div>\n<\/div>\n<\/div>\n<\/div>\n<\/div>\n<div class=\"group\/conversation-turn relative flex w-full min-w-0 flex-col agent-turn\">\n<div class=\"flex-col gap-1 md:gap-3\">\n<div class=\"flex flex-grow flex-col max-w-full\">\n<div class=\"min-h-[20px] text-message flex w-full flex-col items-end gap-2 whitespace-pre-wrap break-words [.text-message+&amp;]:mt-5 overflow-x-auto\" dir=\"auto\" data-message-author-role=\"assistant\" data-message-id=\"785f86b3-d815-4127-841c-1a1dbfa6f531\">\n<div class=\"flex w-full flex-col gap-1 empty:hidden first:pt-[3px]\">\n<div class=\"markdown prose w-full break-words dark:prose-invert light\">\n<p>La canne noire est une vari\u00e9t\u00e9 particuli\u00e8rement aromatique qui avait d\u00e9j\u00e0 attir\u00e9 l&#8217;attention de Bologne en Guadeloupe. Nous avons eu l&#8217;occasion de d\u00e9couvrir son aboutissement : la l\u00e9gendaire Black Cane ! Cette cuv\u00e9e a vu le jour en 2015, issue de la r\u00e9colte de cannes de 2014.<\/p>\n<p>Une partie du jus de cette premi\u00e8re cuv\u00e9e Black Cane a \u00e9t\u00e9 mise en r\u00e9serve et vieillie dans d&#8217;anciens f\u00fbts de ch\u00eane fran\u00e7ais ayant contenu du Cognac. Apr\u00e8s cette p\u00e9riode de maturation, le mill\u00e9sime 2014 a \u00e9t\u00e9 embouteill\u00e9 sans r\u00e9duction pour pr\u00e9server l&#8217;authenticit\u00e9 de ses ar\u00f4mes. Ce rhum Bologne, issu d&#8217;une seule vari\u00e9t\u00e9 de canne, est donc \u00e9galement un brut de f\u00fbt.<\/p>\n<p>Cette \u00e9l\u00e9gante carafe renferme un rhum magique, dont la d\u00e9gustation inspire des r\u00eaves de voyages&#8230; en direction de la Guadeloupe !<\/p>\n<p>Au nez, on distingue d&#8217;abord des senteurs empyreumatiques et torr\u00e9fi\u00e9es remarquables, rappelant la gourmandise d\u2019un caf\u00e9 turc. Apr\u00e8s a\u00e9ration, des notes r\u00e9jouissantes de fruit de la passion et d\u2019orange sanguine se d\u00e9voilent, rejointes par le sucre de canne.<\/p>\n<p>En bouche, les saveurs nous dirigent vers un univers p\u00e2tissier : cacao, noix et ananas, le tout suscitant une s\u00e9duction irr\u00e9sistible !<\/p>\n<p>La finale est riche :\u00a0 des notes de caramel, r\u00e9glisse&#8230;<\/p>\n<p>Bouteille num\u00e9rot\u00e9e : num\u00e9ro 21\u00a0 sur 600 exemplaires&#8230; assez rare<\/p>\n<p>Le bouteille est exp\u00e9di\u00e9 avec son magnifique coffre en bois&#8230;<\/p>\n<\/div>\n<\/div>\n<\/div>\n<\/div>\n<\/div>\n<\/div>\n","protected":false},"excerpt":{"rendered":"<p>Bologne 2014 Les exclusifs Rhum hors d&#8217;\u00e2ge 100% Canne noire<\/p>\n<p>59,54<\/p>\n<p>70cl<\/p>\n","protected":false},"featured_media":573,"template":"","meta":[],"product_brand":[],"product_cat":[15],"product_tag":[],"class_list":{"0":"post-572","1":"product","2":"type-product","3":"status-publish","4":"has-post-thumbnail","6":"product_cat-non-classe","8":"entry","9":"has-media","11":"first","12":"instock","13":"sale","14":"taxable","15":"shipping-taxable","16":"purchasable","17":"product-type-simple","18":"col","19":"span_1_of_3","20":"owp-content-center","21":"item-entry","22":"owp-thumbs-layout-horizontal","23":"owp-btn-normal","24":"owp-tabs-layout-horizontal","25":"circle-sale"},"yoast_head":"<!-- This site is optimized with the Yoast SEO plugin v23.6 - https:\/\/yoast.com\/wordpress\/plugins\/seo\/ -->\n<title>Bologne 2014 Les exclusifs Rhum hors d&#039;\u00e2ge 100% Canne noire 59,54 - Place du rhum<\/title>\n<meta name=\"robots\" content=\"index, follow, max-snippet:-1, max-image-preview:large, max-video-preview:-1\" \/>\n<link rel=\"canonical\" href=\"https:\/\/placedurhum.com\/index.php\/produit\/bologne-2014-les-exclusifs-rhum-hors-dage-100-canne-noire-5954\/\" \/>\n<meta property=\"og:locale\" content=\"en_US\" \/>\n<meta property=\"og:type\" content=\"article\" \/>\n<meta property=\"og:title\" content=\"Bologne 2014 Les exclusifs Rhum hors d&#039;\u00e2ge 100% Canne noire 59,54 - Place du rhum\" \/>\n<meta property=\"og:description\" content=\"Bologne 2014 Les exclusifs Rhum hors d&#039;\u00e2ge 100% Canne noire  59,54  70cl\" \/>\n<meta property=\"og:url\" content=\"https:\/\/placedurhum.com\/index.php\/produit\/bologne-2014-les-exclusifs-rhum-hors-dage-100-canne-noire-5954\/\" \/>\n<meta property=\"og:site_name\" content=\"Place du rhum\" \/>\n<meta property=\"article:publisher\" content=\"https:\/\/www.facebook.com\/placedurhum\/?locale=fr_FR\" \/>\n<meta property=\"article:modified_time\" content=\"2024-08-04T15:13:27+00:00\" \/>\n<meta property=\"og:image\" content=\"https:\/\/placedurhum.com\/wp-content\/uploads\/2024\/08\/IMG_6812-scaled.jpeg\" \/>\n\t<meta property=\"og:image:width\" content=\"1920\" \/>\n\t<meta property=\"og:image:height\" content=\"2560\" \/>\n\t<meta property=\"og:image:type\" content=\"image\/jpeg\" \/>\n<meta name=\"twitter:card\" content=\"summary_large_image\" \/>\n<meta name=\"twitter:label1\" content=\"Est. reading time\" \/>\n\t<meta name=\"twitter:data1\" content=\"1 minute\" \/>\n<script type=\"application\/ld+json\" class=\"yoast-schema-graph\">{\"@context\":\"https:\/\/schema.org\",\"@graph\":[{\"@type\":\"WebPage\",\"@id\":\"https:\/\/placedurhum.com\/index.php\/produit\/bologne-2014-les-exclusifs-rhum-hors-dage-100-canne-noire-5954\/\",\"url\":\"https:\/\/placedurhum.com\/index.php\/produit\/bologne-2014-les-exclusifs-rhum-hors-dage-100-canne-noire-5954\/\",\"name\":\"Bologne 2014 Les exclusifs Rhum hors d'\u00e2ge 100% Canne noire 59,54 - Place du rhum\",\"isPartOf\":{\"@id\":\"https:\/\/placedurhum.com\/#website\"},\"primaryImageOfPage\":{\"@id\":\"https:\/\/placedurhum.com\/index.php\/produit\/bologne-2014-les-exclusifs-rhum-hors-dage-100-canne-noire-5954\/#primaryimage\"},\"image\":{\"@id\":\"https:\/\/placedurhum.com\/index.php\/produit\/bologne-2014-les-exclusifs-rhum-hors-dage-100-canne-noire-5954\/#primaryimage\"},\"thumbnailUrl\":\"https:\/\/placedurhum.com\/wp-content\/uploads\/2024\/08\/IMG_6812-scaled.jpeg\",\"datePublished\":\"2024-08-04T15:13:26+00:00\",\"dateModified\":\"2024-08-04T15:13:27+00:00\",\"breadcrumb\":{\"@id\":\"https:\/\/placedurhum.com\/index.php\/produit\/bologne-2014-les-exclusifs-rhum-hors-dage-100-canne-noire-5954\/#breadcrumb\"},\"inLanguage\":\"en-US\",\"potentialAction\":[{\"@type\":\"ReadAction\",\"target\":[\"https:\/\/placedurhum.com\/index.php\/produit\/bologne-2014-les-exclusifs-rhum-hors-dage-100-canne-noire-5954\/\"]}]},{\"@type\":\"ImageObject\",\"inLanguage\":\"en-US\",\"@id\":\"https:\/\/placedurhum.com\/index.php\/produit\/bologne-2014-les-exclusifs-rhum-hors-dage-100-canne-noire-5954\/#primaryimage\",\"url\":\"https:\/\/placedurhum.com\/wp-content\/uploads\/2024\/08\/IMG_6812-scaled.jpeg\",\"contentUrl\":\"https:\/\/placedurhum.com\/wp-content\/uploads\/2024\/08\/IMG_6812-scaled.jpeg\",\"width\":1920,\"height\":2560},{\"@type\":\"BreadcrumbList\",\"@id\":\"https:\/\/placedurhum.com\/index.php\/produit\/bologne-2014-les-exclusifs-rhum-hors-dage-100-canne-noire-5954\/#breadcrumb\",\"itemListElement\":[{\"@type\":\"ListItem\",\"position\":1,\"name\":\"Accueil\",\"item\":\"https:\/\/placedurhum.com\/\"},{\"@type\":\"ListItem\",\"position\":2,\"name\":\"Boutique\",\"item\":\"https:\/\/placedurhum.com\/index.php\/boutique\/\"},{\"@type\":\"ListItem\",\"position\":3,\"name\":\"Bologne 2014 Les exclusifs Rhum hors d&rsquo;\u00e2ge 100% Canne noire 59,54\"}]},{\"@type\":\"WebSite\",\"@id\":\"https:\/\/placedurhum.com\/#website\",\"url\":\"https:\/\/placedurhum.com\/\",\"name\":\"Place du rhum\",\"description\":\"Cave et bar \u00e0 cocktail\",\"publisher\":{\"@id\":\"https:\/\/placedurhum.com\/#organization\"},\"potentialAction\":[{\"@type\":\"SearchAction\",\"target\":{\"@type\":\"EntryPoint\",\"urlTemplate\":\"https:\/\/placedurhum.com\/?s={search_term_string}\"},\"query-input\":{\"@type\":\"PropertyValueSpecification\",\"valueRequired\":true,\"valueName\":\"search_term_string\"}}],\"inLanguage\":\"en-US\"},{\"@type\":\"Organization\",\"@id\":\"https:\/\/placedurhum.com\/#organization\",\"name\":\"Place du rhum\",\"url\":\"https:\/\/placedurhum.com\/\",\"logo\":{\"@type\":\"ImageObject\",\"inLanguage\":\"en-US\",\"@id\":\"https:\/\/placedurhum.com\/#\/schema\/logo\/image\/\",\"url\":\"https:\/\/placedurhum.com\/wp-content\/uploads\/2024\/06\/cropped-logo_placedurhum.png\",\"contentUrl\":\"https:\/\/placedurhum.com\/wp-content\/uploads\/2024\/06\/cropped-logo_placedurhum.png\",\"width\":150,\"height\":140,\"caption\":\"Place du rhum\"},\"image\":{\"@id\":\"https:\/\/placedurhum.com\/#\/schema\/logo\/image\/\"},\"sameAs\":[\"https:\/\/www.facebook.com\/placedurhum\/?locale=fr_FR\",\"https:\/\/www.instagram.com\/placedurhum\/\"]}]}<\/script>\n<!-- \/ Yoast SEO plugin. -->","yoast_head_json":{"title":"Bologne 2014 Les exclusifs Rhum hors d'\u00e2ge 100% Canne noire 59,54 - Place du rhum","robots":{"index":"index","follow":"follow","max-snippet":"max-snippet:-1","max-image-preview":"max-image-preview:large","max-video-preview":"max-video-preview:-1"},"canonical":"https:\/\/placedurhum.com\/index.php\/produit\/bologne-2014-les-exclusifs-rhum-hors-dage-100-canne-noire-5954\/","og_locale":"en_US","og_type":"article","og_title":"Bologne 2014 Les exclusifs Rhum hors d'\u00e2ge 100% Canne noire 59,54 - Place du rhum","og_description":"Bologne 2014 Les exclusifs Rhum hors d'\u00e2ge 100% Canne noire  59,54  70cl","og_url":"https:\/\/placedurhum.com\/index.php\/produit\/bologne-2014-les-exclusifs-rhum-hors-dage-100-canne-noire-5954\/","og_site_name":"Place du rhum","article_publisher":"https:\/\/www.facebook.com\/placedurhum\/?locale=fr_FR","article_modified_time":"2024-08-04T15:13:27+00:00","og_image":[{"width":1920,"height":2560,"url":"https:\/\/placedurhum.com\/wp-content\/uploads\/2024\/08\/IMG_6812-scaled.jpeg","type":"image\/jpeg"}],"twitter_card":"summary_large_image","twitter_misc":{"Est. reading time":"1 minute"},"schema":{"@context":"https:\/\/schema.org","@graph":[{"@type":"WebPage","@id":"https:\/\/placedurhum.com\/index.php\/produit\/bologne-2014-les-exclusifs-rhum-hors-dage-100-canne-noire-5954\/","url":"https:\/\/placedurhum.com\/index.php\/produit\/bologne-2014-les-exclusifs-rhum-hors-dage-100-canne-noire-5954\/","name":"Bologne 2014 Les exclusifs Rhum hors d'\u00e2ge 100% Canne noire 59,54 - Place du rhum","isPartOf":{"@id":"https:\/\/placedurhum.com\/#website"},"primaryImageOfPage":{"@id":"https:\/\/placedurhum.com\/index.php\/produit\/bologne-2014-les-exclusifs-rhum-hors-dage-100-canne-noire-5954\/#primaryimage"},"image":{"@id":"https:\/\/placedurhum.com\/index.php\/produit\/bologne-2014-les-exclusifs-rhum-hors-dage-100-canne-noire-5954\/#primaryimage"},"thumbnailUrl":"https:\/\/placedurhum.com\/wp-content\/uploads\/2024\/08\/IMG_6812-scaled.jpeg","datePublished":"2024-08-04T15:13:26+00:00","dateModified":"2024-08-04T15:13:27+00:00","breadcrumb":{"@id":"https:\/\/placedurhum.com\/index.php\/produit\/bologne-2014-les-exclusifs-rhum-hors-dage-100-canne-noire-5954\/#breadcrumb"},"inLanguage":"en-US","potentialAction":[{"@type":"ReadAction","target":["https:\/\/placedurhum.com\/index.php\/produit\/bologne-2014-les-exclusifs-rhum-hors-dage-100-canne-noire-5954\/"]}]},{"@type":"ImageObject","inLanguage":"en-US","@id":"https:\/\/placedurhum.com\/index.php\/produit\/bologne-2014-les-exclusifs-rhum-hors-dage-100-canne-noire-5954\/#primaryimage","url":"https:\/\/placedurhum.com\/wp-content\/uploads\/2024\/08\/IMG_6812-scaled.jpeg","contentUrl":"https:\/\/placedurhum.com\/wp-content\/uploads\/2024\/08\/IMG_6812-scaled.jpeg","width":1920,"height":2560},{"@type":"BreadcrumbList","@id":"https:\/\/placedurhum.com\/index.php\/produit\/bologne-2014-les-exclusifs-rhum-hors-dage-100-canne-noire-5954\/#breadcrumb","itemListElement":[{"@type":"ListItem","position":1,"name":"Accueil","item":"https:\/\/placedurhum.com\/"},{"@type":"ListItem","position":2,"name":"Boutique","item":"https:\/\/placedurhum.com\/index.php\/boutique\/"},{"@type":"ListItem","position":3,"name":"Bologne 2014 Les exclusifs Rhum hors d&rsquo;\u00e2ge 100% Canne noire 59,54"}]},{"@type":"WebSite","@id":"https:\/\/placedurhum.com\/#website","url":"https:\/\/placedurhum.com\/","name":"Place du rhum","description":"Cave et bar \u00e0 cocktail","publisher":{"@id":"https:\/\/placedurhum.com\/#organization"},"potentialAction":[{"@type":"SearchAction","target":{"@type":"EntryPoint","urlTemplate":"https:\/\/placedurhum.com\/?s={search_term_string}"},"query-input":{"@type":"PropertyValueSpecification","valueRequired":true,"valueName":"search_term_string"}}],"inLanguage":"en-US"},{"@type":"Organization","@id":"https:\/\/placedurhum.com\/#organization","name":"Place du rhum","url":"https:\/\/placedurhum.com\/","logo":{"@type":"ImageObject","inLanguage":"en-US","@id":"https:\/\/placedurhum.com\/#\/schema\/logo\/image\/","url":"https:\/\/placedurhum.com\/wp-content\/uploads\/2024\/06\/cropped-logo_placedurhum.png","contentUrl":"https:\/\/placedurhum.com\/wp-content\/uploads\/2024\/06\/cropped-logo_placedurhum.png","width":150,"height":140,"caption":"Place du rhum"},"image":{"@id":"https:\/\/placedurhum.com\/#\/schema\/logo\/image\/"},"sameAs":["https:\/\/www.facebook.com\/placedurhum\/?locale=fr_FR","https:\/\/www.instagram.com\/placedurhum\/"]}]}},"_links":{"self":[{"href":"https:\/\/placedurhum.com\/index.php\/wp-json\/wp\/v2\/product\/572","targetHints":{"allow":["GET"]}}],"collection":[{"href":"https:\/\/placedurhum.com\/index.php\/wp-json\/wp\/v2\/product"}],"about":[{"href":"https:\/\/placedurhum.com\/index.php\/wp-json\/wp\/v2\/types\/product"}],"wp:featuredmedia":[{"embeddable":true,"href":"https:\/\/placedurhum.com\/index.php\/wp-json\/wp\/v2\/media\/573"}],"wp:attachment":[{"href":"https:\/\/placedurhum.com\/index.php\/wp-json\/wp\/v2\/media?parent=572"}],"wp:term":[{"taxonomy":"product_brand","embeddable":true,"href":"https:\/\/placedurhum.com\/index.php\/wp-json\/wp\/v2\/product_brand?post=572"},{"taxonomy":"product_cat","embeddable":true,"href":"https:\/\/placedurhum.com\/index.php\/wp-json\/wp\/v2\/product_cat?post=572"},{"taxonomy":"product_tag","embeddable":true,"href":"https:\/\/placedurhum.com\/index.php\/wp-json\/wp\/v2\/product_tag?post=572"}],"curies":[{"name":"wp","href":"https:\/\/api.w.org\/{rel}","templated":true}]}}