{"id":569,"date":"2024-08-04T16:44:33","date_gmt":"2024-08-04T14:44:33","guid":{"rendered":"https:\/\/placedurhum.com\/?post_type=product&#038;p=569"},"modified":"2024-08-04T16:49:11","modified_gmt":"2024-08-04T14:49:11","slug":"place-du-rhum","status":"publish","type":"product","link":"https:\/\/placedurhum.com\/index.php\/produit\/place-du-rhum\/","title":{"rendered":"Place du Rhum"},"content":{"rendered":"<p>La seule cr\u00e9ation &#8220;Maison&#8221;.<\/p>\n<p>C&#8217;est un Blend de 2 futs de 100 litres magnifique, un Foursquare de 15 ans d&#8217;\u00e2ge et un Barbancourt de 18 ans d&#8217;\u00e2ge.<\/p>\n<p>Un Blend agricole\/m\u00e9lasse de 2 maisons d&#8217;exceptions.<\/p>\n<p>Le tout vieilli pendant 2 ans suppl\u00e9mentaire en futs de bourbon et embouteill\u00e9 par la Famille Ricci \u00e0 Mougins.<\/p>\n<p>Un rhum puissant \u00e0 58\u00b0 et avec une longueur en bouche incomparable.<\/p>\n","protected":false},"excerpt":{"rendered":"<p>Le Rhum &#8220;Place du Rhum&#8221;<\/p>\n<p>58\u00b0<\/p>\n<p>70cl<\/p>\n","protected":false},"featured_media":570,"template":"","meta":[],"product_brand":[],"product_cat":[21,22],"product_tag":[],"class_list":{"0":"post-569","1":"product","2":"type-product","3":"status-publish","4":"has-post-thumbnail","6":"product_cat-rhum-agricole","7":"product_cat-rhum-de-melasse","9":"entry","10":"has-media","12":"first","13":"instock","14":"sale","15":"taxable","16":"shipping-taxable","17":"purchasable","18":"product-type-simple","19":"col","20":"span_1_of_3","21":"owp-content-center","22":"item-entry","23":"owp-thumbs-layout-horizontal","24":"owp-btn-normal","25":"owp-tabs-layout-horizontal","26":"has-no-thumbnails","27":"circle-sale"},"yoast_head":"<!-- This site is optimized with the Yoast SEO plugin v23.6 - https:\/\/yoast.com\/wordpress\/plugins\/seo\/ -->\n<title>Place du Rhum - Place du rhum<\/title>\n<meta name=\"robots\" content=\"index, follow, max-snippet:-1, max-image-preview:large, max-video-preview:-1\" \/>\n<link rel=\"canonical\" href=\"https:\/\/placedurhum.com\/index.php\/produit\/place-du-rhum\/\" \/>\n<meta property=\"og:locale\" content=\"en_US\" \/>\n<meta property=\"og:type\" content=\"article\" \/>\n<meta property=\"og:title\" content=\"Place du Rhum - Place du rhum\" \/>\n<meta property=\"og:description\" content=\"Le Rhum &quot;Place du Rhum&quot;  58\u00b0  70cl\" \/>\n<meta property=\"og:url\" content=\"https:\/\/placedurhum.com\/index.php\/produit\/place-du-rhum\/\" \/>\n<meta property=\"og:site_name\" content=\"Place du rhum\" \/>\n<meta property=\"article:publisher\" content=\"https:\/\/www.facebook.com\/placedurhum\/?locale=fr_FR\" \/>\n<meta property=\"article:modified_time\" content=\"2024-08-04T14:49:11+00:00\" \/>\n<meta property=\"og:image\" content=\"https:\/\/placedurhum.com\/wp-content\/uploads\/2024\/08\/IMG_6811-scaled.jpeg\" \/>\n\t<meta property=\"og:image:width\" content=\"1920\" \/>\n\t<meta property=\"og:image:height\" content=\"2560\" \/>\n\t<meta property=\"og:image:type\" content=\"image\/jpeg\" \/>\n<meta name=\"twitter:card\" content=\"summary_large_image\" \/>\n<script type=\"application\/ld+json\" class=\"yoast-schema-graph\">{\"@context\":\"https:\/\/schema.org\",\"@graph\":[{\"@type\":\"WebPage\",\"@id\":\"https:\/\/placedurhum.com\/index.php\/produit\/place-du-rhum\/\",\"url\":\"https:\/\/placedurhum.com\/index.php\/produit\/place-du-rhum\/\",\"name\":\"Place du Rhum - Place du rhum\",\"isPartOf\":{\"@id\":\"https:\/\/placedurhum.com\/#website\"},\"primaryImageOfPage\":{\"@id\":\"https:\/\/placedurhum.com\/index.php\/produit\/place-du-rhum\/#primaryimage\"},\"image\":{\"@id\":\"https:\/\/placedurhum.com\/index.php\/produit\/place-du-rhum\/#primaryimage\"},\"thumbnailUrl\":\"https:\/\/placedurhum.com\/wp-content\/uploads\/2024\/08\/IMG_6811-scaled.jpeg\",\"datePublished\":\"2024-08-04T14:44:33+00:00\",\"dateModified\":\"2024-08-04T14:49:11+00:00\",\"breadcrumb\":{\"@id\":\"https:\/\/placedurhum.com\/index.php\/produit\/place-du-rhum\/#breadcrumb\"},\"inLanguage\":\"en-US\",\"potentialAction\":[{\"@type\":\"ReadAction\",\"target\":[\"https:\/\/placedurhum.com\/index.php\/produit\/place-du-rhum\/\"]}]},{\"@type\":\"ImageObject\",\"inLanguage\":\"en-US\",\"@id\":\"https:\/\/placedurhum.com\/index.php\/produit\/place-du-rhum\/#primaryimage\",\"url\":\"https:\/\/placedurhum.com\/wp-content\/uploads\/2024\/08\/IMG_6811-scaled.jpeg\",\"contentUrl\":\"https:\/\/placedurhum.com\/wp-content\/uploads\/2024\/08\/IMG_6811-scaled.jpeg\",\"width\":1920,\"height\":2560},{\"@type\":\"BreadcrumbList\",\"@id\":\"https:\/\/placedurhum.com\/index.php\/produit\/place-du-rhum\/#breadcrumb\",\"itemListElement\":[{\"@type\":\"ListItem\",\"position\":1,\"name\":\"Accueil\",\"item\":\"https:\/\/placedurhum.com\/\"},{\"@type\":\"ListItem\",\"position\":2,\"name\":\"Boutique\",\"item\":\"https:\/\/placedurhum.com\/index.php\/boutique\/\"},{\"@type\":\"ListItem\",\"position\":3,\"name\":\"Place du Rhum\"}]},{\"@type\":\"WebSite\",\"@id\":\"https:\/\/placedurhum.com\/#website\",\"url\":\"https:\/\/placedurhum.com\/\",\"name\":\"Place du rhum\",\"description\":\"Cave et bar \u00e0 cocktail\",\"publisher\":{\"@id\":\"https:\/\/placedurhum.com\/#organization\"},\"potentialAction\":[{\"@type\":\"SearchAction\",\"target\":{\"@type\":\"EntryPoint\",\"urlTemplate\":\"https:\/\/placedurhum.com\/?s={search_term_string}\"},\"query-input\":{\"@type\":\"PropertyValueSpecification\",\"valueRequired\":true,\"valueName\":\"search_term_string\"}}],\"inLanguage\":\"en-US\"},{\"@type\":\"Organization\",\"@id\":\"https:\/\/placedurhum.com\/#organization\",\"name\":\"Place du rhum\",\"url\":\"https:\/\/placedurhum.com\/\",\"logo\":{\"@type\":\"ImageObject\",\"inLanguage\":\"en-US\",\"@id\":\"https:\/\/placedurhum.com\/#\/schema\/logo\/image\/\",\"url\":\"https:\/\/placedurhum.com\/wp-content\/uploads\/2024\/06\/cropped-logo_placedurhum.png\",\"contentUrl\":\"https:\/\/placedurhum.com\/wp-content\/uploads\/2024\/06\/cropped-logo_placedurhum.png\",\"width\":150,\"height\":140,\"caption\":\"Place du rhum\"},\"image\":{\"@id\":\"https:\/\/placedurhum.com\/#\/schema\/logo\/image\/\"},\"sameAs\":[\"https:\/\/www.facebook.com\/placedurhum\/?locale=fr_FR\",\"https:\/\/www.instagram.com\/placedurhum\/\"]}]}<\/script>\n<!-- \/ Yoast SEO plugin. -->","yoast_head_json":{"title":"Place du Rhum - Place du rhum","robots":{"index":"index","follow":"follow","max-snippet":"max-snippet:-1","max-image-preview":"max-image-preview:large","max-video-preview":"max-video-preview:-1"},"canonical":"https:\/\/placedurhum.com\/index.php\/produit\/place-du-rhum\/","og_locale":"en_US","og_type":"article","og_title":"Place du Rhum - Place du rhum","og_description":"Le Rhum \"Place du Rhum\"  58\u00b0  70cl","og_url":"https:\/\/placedurhum.com\/index.php\/produit\/place-du-rhum\/","og_site_name":"Place du rhum","article_publisher":"https:\/\/www.facebook.com\/placedurhum\/?locale=fr_FR","article_modified_time":"2024-08-04T14:49:11+00:00","og_image":[{"width":1920,"height":2560,"url":"https:\/\/placedurhum.com\/wp-content\/uploads\/2024\/08\/IMG_6811-scaled.jpeg","type":"image\/jpeg"}],"twitter_card":"summary_large_image","schema":{"@context":"https:\/\/schema.org","@graph":[{"@type":"WebPage","@id":"https:\/\/placedurhum.com\/index.php\/produit\/place-du-rhum\/","url":"https:\/\/placedurhum.com\/index.php\/produit\/place-du-rhum\/","name":"Place du Rhum - Place du rhum","isPartOf":{"@id":"https:\/\/placedurhum.com\/#website"},"primaryImageOfPage":{"@id":"https:\/\/placedurhum.com\/index.php\/produit\/place-du-rhum\/#primaryimage"},"image":{"@id":"https:\/\/placedurhum.com\/index.php\/produit\/place-du-rhum\/#primaryimage"},"thumbnailUrl":"https:\/\/placedurhum.com\/wp-content\/uploads\/2024\/08\/IMG_6811-scaled.jpeg","datePublished":"2024-08-04T14:44:33+00:00","dateModified":"2024-08-04T14:49:11+00:00","breadcrumb":{"@id":"https:\/\/placedurhum.com\/index.php\/produit\/place-du-rhum\/#breadcrumb"},"inLanguage":"en-US","potentialAction":[{"@type":"ReadAction","target":["https:\/\/placedurhum.com\/index.php\/produit\/place-du-rhum\/"]}]},{"@type":"ImageObject","inLanguage":"en-US","@id":"https:\/\/placedurhum.com\/index.php\/produit\/place-du-rhum\/#primaryimage","url":"https:\/\/placedurhum.com\/wp-content\/uploads\/2024\/08\/IMG_6811-scaled.jpeg","contentUrl":"https:\/\/placedurhum.com\/wp-content\/uploads\/2024\/08\/IMG_6811-scaled.jpeg","width":1920,"height":2560},{"@type":"BreadcrumbList","@id":"https:\/\/placedurhum.com\/index.php\/produit\/place-du-rhum\/#breadcrumb","itemListElement":[{"@type":"ListItem","position":1,"name":"Accueil","item":"https:\/\/placedurhum.com\/"},{"@type":"ListItem","position":2,"name":"Boutique","item":"https:\/\/placedurhum.com\/index.php\/boutique\/"},{"@type":"ListItem","position":3,"name":"Place du Rhum"}]},{"@type":"WebSite","@id":"https:\/\/placedurhum.com\/#website","url":"https:\/\/placedurhum.com\/","name":"Place du rhum","description":"Cave et bar \u00e0 cocktail","publisher":{"@id":"https:\/\/placedurhum.com\/#organization"},"potentialAction":[{"@type":"SearchAction","target":{"@type":"EntryPoint","urlTemplate":"https:\/\/placedurhum.com\/?s={search_term_string}"},"query-input":{"@type":"PropertyValueSpecification","valueRequired":true,"valueName":"search_term_string"}}],"inLanguage":"en-US"},{"@type":"Organization","@id":"https:\/\/placedurhum.com\/#organization","name":"Place du rhum","url":"https:\/\/placedurhum.com\/","logo":{"@type":"ImageObject","inLanguage":"en-US","@id":"https:\/\/placedurhum.com\/#\/schema\/logo\/image\/","url":"https:\/\/placedurhum.com\/wp-content\/uploads\/2024\/06\/cropped-logo_placedurhum.png","contentUrl":"https:\/\/placedurhum.com\/wp-content\/uploads\/2024\/06\/cropped-logo_placedurhum.png","width":150,"height":140,"caption":"Place du rhum"},"image":{"@id":"https:\/\/placedurhum.com\/#\/schema\/logo\/image\/"},"sameAs":["https:\/\/www.facebook.com\/placedurhum\/?locale=fr_FR","https:\/\/www.instagram.com\/placedurhum\/"]}]}},"_links":{"self":[{"href":"https:\/\/placedurhum.com\/index.php\/wp-json\/wp\/v2\/product\/569","targetHints":{"allow":["GET"]}}],"collection":[{"href":"https:\/\/placedurhum.com\/index.php\/wp-json\/wp\/v2\/product"}],"about":[{"href":"https:\/\/placedurhum.com\/index.php\/wp-json\/wp\/v2\/types\/product"}],"wp:featuredmedia":[{"embeddable":true,"href":"https:\/\/placedurhum.com\/index.php\/wp-json\/wp\/v2\/media\/570"}],"wp:attachment":[{"href":"https:\/\/placedurhum.com\/index.php\/wp-json\/wp\/v2\/media?parent=569"}],"wp:term":[{"taxonomy":"product_brand","embeddable":true,"href":"https:\/\/placedurhum.com\/index.php\/wp-json\/wp\/v2\/product_brand?post=569"},{"taxonomy":"product_cat","embeddable":true,"href":"https:\/\/placedurhum.com\/index.php\/wp-json\/wp\/v2\/product_cat?post=569"},{"taxonomy":"product_tag","embeddable":true,"href":"https:\/\/placedurhum.com\/index.php\/wp-json\/wp\/v2\/product_tag?post=569"}],"curies":[{"name":"wp","href":"https:\/\/api.w.org\/{rel}","templated":true}]}}