{"id":519,"date":"2024-07-04T11:36:12","date_gmt":"2024-07-04T09:36:12","guid":{"rendered":"https:\/\/placedurhum.com\/?post_type=product&#038;p=519"},"modified":"2024-07-04T11:37:30","modified_gmt":"2024-07-04T09:37:30","slug":"dead-reckoning-mutiny-south-pacific","status":"publish","type":"product","link":"https:\/\/placedurhum.com\/index.php\/produit\/dead-reckoning-mutiny-south-pacific\/","title":{"rendered":"Dead Reckoning Mutiny &#8211; South Pacific"},"content":{"rendered":"<p>Ce rhum Dead Reckoning de 20 ans a \u00e9t\u00e9 produit et vieilli sous les tropiques des \u00eeles Fidji. L&#8217;Australien Justin Boseley est \u00e0 l&#8217;origine de cette marque ind\u00e9pendante d&#8217;embouteillage. Justin a entrepris cette aventure apr\u00e8s dix ans \u00e0 traverser les Cara\u00efbes pour importer les meilleures expressions de rhum en Australie.<\/p>\n<p>Cette cuv\u00e9e a \u00e9t\u00e9 distill\u00e9e dans un alambic John Dore \u00e0 double retors. Le rhum a ensuite pass\u00e9 20 ans dans un f\u00fbt ayant contenu du bourbon. Apparemment, la distillerie avait oubli\u00e9 ce f\u00fbt dans la cave, et une si longue p\u00e9riode de vieillissement n&#8217;\u00e9tait pas initialement pr\u00e9vue. La part des anges est d&#8217;environ 73%.<\/p>\n<p>Ce rhum est brut de f\u00fbt, non filtr\u00e9 et sans additifs. Il a \u00e9t\u00e9 embouteill\u00e9 en 2022 en 220 bouteilles num\u00e9rot\u00e9es.<\/p>\n<h2>L&#8217;avis de Place du Rhum<\/h2>\n<p>Le nez de ce tr\u00e8s vieux rhum a besoin de quelques minutes pour s&#8217;ouvrir, bien que l&#8217;on puisse d\u00e9j\u00e0 percevoir un profil assez typiquement cuivr\u00e9 et profond\u00e9ment fruit\u00e9 \u00e0 ce stade. La concentration aromatique se manifeste d&#8217;abord par un c\u00f4t\u00e9 r\u00e9sineux intense, sur des baies de gen\u00e9vrier, avec un accent presque m\u00e9dicinal.<\/p>\n<p>Avec l&#8217;a\u00e9ration, la r\u00e9sine d\u00e9gage une grande fra\u00eecheur qui se m\u00eale ensuite aux noyaux et graines de fruits vifs. Cette s\u00e8ve collante et complexe transporte \u00e9galement quelque chose de goudronneux, nous menant de mani\u00e8re surprenante vers la framboise, la carambole, puis, avec le temps, vers les noix grill\u00e9es.<\/p>\n<p>En bouche, apr\u00e8s une attaque vive et cuivr\u00e9e, toute la complexit\u00e9 du rhum se d\u00e9ploie et se d\u00e9veloppe. Les tanins bois\u00e9s sont tr\u00e8s pr\u00e9sents, mais aussi tr\u00e8s doux, apportant une vivacit\u00e9 sans \u00eatre astringents. La r\u00e9sine de pin devient plus cr\u00e9meuse et p\u00e2tissi\u00e8re, conduisant aux pruneaux et aux noyaux de cerise. La gourmandise du ch\u00eane grill\u00e9 s&#8217;\u00e9tend en p\u00e2te de noix grill\u00e9es, avec des touches de c\u00e9r\u00e9ales et d&#8217;\u00e9pices douces.<\/p>\n<p>La finale est torr\u00e9fi\u00e9e comme le caf\u00e9 et noire comme la r\u00e9glisse, avec des \u00e9pices br\u00fbl\u00e9es qui s&#8217;allongent en bouche.<\/p>\n","protected":false},"excerpt":{"rendered":"<p>Rhum a 68\u00b0<\/p>\n<p>Provenance : Fidji<\/p>\n<p>70cl<\/p>\n","protected":false},"featured_media":521,"template":"","meta":[],"product_brand":[],"product_cat":[22],"product_tag":[],"class_list":{"0":"post-519","1":"product","2":"type-product","3":"status-publish","4":"has-post-thumbnail","6":"product_cat-rhum-de-melasse","8":"entry","9":"has-media","11":"first","12":"instock","13":"taxable","14":"shipping-taxable","15":"purchasable","16":"product-type-simple","17":"col","18":"span_1_of_3","19":"owp-content-center","20":"item-entry","21":"owp-thumbs-layout-horizontal","22":"owp-btn-normal","23":"owp-tabs-layout-horizontal","24":"has-no-thumbnails","25":"circle-sale"},"yoast_head":"<!-- This site is optimized with the Yoast SEO plugin v23.6 - https:\/\/yoast.com\/wordpress\/plugins\/seo\/ -->\n<title>Dead Reckoning Mutiny - South Pacific - Place du rhum<\/title>\n<meta name=\"robots\" content=\"index, follow, max-snippet:-1, max-image-preview:large, max-video-preview:-1\" \/>\n<link rel=\"canonical\" href=\"https:\/\/placedurhum.com\/index.php\/produit\/dead-reckoning-mutiny-south-pacific\/\" \/>\n<meta property=\"og:locale\" content=\"en_US\" \/>\n<meta property=\"og:type\" content=\"article\" \/>\n<meta property=\"og:title\" content=\"Dead Reckoning Mutiny - South Pacific - Place du rhum\" \/>\n<meta property=\"og:description\" content=\"Rhum a 68\u00b0  Provenance : Fidji  70cl\" \/>\n<meta property=\"og:url\" content=\"https:\/\/placedurhum.com\/index.php\/produit\/dead-reckoning-mutiny-south-pacific\/\" \/>\n<meta property=\"og:site_name\" content=\"Place du rhum\" \/>\n<meta property=\"article:publisher\" content=\"https:\/\/www.facebook.com\/placedurhum\/?locale=fr_FR\" \/>\n<meta property=\"article:modified_time\" content=\"2024-07-04T09:37:30+00:00\" \/>\n<meta property=\"og:image\" content=\"https:\/\/placedurhum.com\/wp-content\/uploads\/2024\/07\/image4.webp\" \/>\n\t<meta property=\"og:image:width\" content=\"879\" \/>\n\t<meta property=\"og:image:height\" content=\"1906\" \/>\n\t<meta property=\"og:image:type\" content=\"image\/webp\" \/>\n<meta name=\"twitter:card\" content=\"summary_large_image\" \/>\n<meta name=\"twitter:label1\" content=\"Est. reading time\" \/>\n\t<meta name=\"twitter:data1\" content=\"2 minutes\" \/>\n<script type=\"application\/ld+json\" class=\"yoast-schema-graph\">{\"@context\":\"https:\/\/schema.org\",\"@graph\":[{\"@type\":\"WebPage\",\"@id\":\"https:\/\/placedurhum.com\/index.php\/produit\/dead-reckoning-mutiny-south-pacific\/\",\"url\":\"https:\/\/placedurhum.com\/index.php\/produit\/dead-reckoning-mutiny-south-pacific\/\",\"name\":\"Dead Reckoning Mutiny - South Pacific - Place du rhum\",\"isPartOf\":{\"@id\":\"https:\/\/placedurhum.com\/#website\"},\"primaryImageOfPage\":{\"@id\":\"https:\/\/placedurhum.com\/index.php\/produit\/dead-reckoning-mutiny-south-pacific\/#primaryimage\"},\"image\":{\"@id\":\"https:\/\/placedurhum.com\/index.php\/produit\/dead-reckoning-mutiny-south-pacific\/#primaryimage\"},\"thumbnailUrl\":\"https:\/\/placedurhum.com\/wp-content\/uploads\/2024\/07\/image4.webp\",\"datePublished\":\"2024-07-04T09:36:12+00:00\",\"dateModified\":\"2024-07-04T09:37:30+00:00\",\"breadcrumb\":{\"@id\":\"https:\/\/placedurhum.com\/index.php\/produit\/dead-reckoning-mutiny-south-pacific\/#breadcrumb\"},\"inLanguage\":\"en-US\",\"potentialAction\":[{\"@type\":\"ReadAction\",\"target\":[\"https:\/\/placedurhum.com\/index.php\/produit\/dead-reckoning-mutiny-south-pacific\/\"]}]},{\"@type\":\"ImageObject\",\"inLanguage\":\"en-US\",\"@id\":\"https:\/\/placedurhum.com\/index.php\/produit\/dead-reckoning-mutiny-south-pacific\/#primaryimage\",\"url\":\"https:\/\/placedurhum.com\/wp-content\/uploads\/2024\/07\/image4.webp\",\"contentUrl\":\"https:\/\/placedurhum.com\/wp-content\/uploads\/2024\/07\/image4.webp\",\"width\":879,\"height\":1906},{\"@type\":\"BreadcrumbList\",\"@id\":\"https:\/\/placedurhum.com\/index.php\/produit\/dead-reckoning-mutiny-south-pacific\/#breadcrumb\",\"itemListElement\":[{\"@type\":\"ListItem\",\"position\":1,\"name\":\"Accueil\",\"item\":\"https:\/\/placedurhum.com\/\"},{\"@type\":\"ListItem\",\"position\":2,\"name\":\"Boutique\",\"item\":\"https:\/\/placedurhum.com\/index.php\/boutique\/\"},{\"@type\":\"ListItem\",\"position\":3,\"name\":\"Dead Reckoning Mutiny &#8211; South Pacific\"}]},{\"@type\":\"WebSite\",\"@id\":\"https:\/\/placedurhum.com\/#website\",\"url\":\"https:\/\/placedurhum.com\/\",\"name\":\"Place du rhum\",\"description\":\"Cave et bar \u00e0 cocktail\",\"publisher\":{\"@id\":\"https:\/\/placedurhum.com\/#organization\"},\"potentialAction\":[{\"@type\":\"SearchAction\",\"target\":{\"@type\":\"EntryPoint\",\"urlTemplate\":\"https:\/\/placedurhum.com\/?s={search_term_string}\"},\"query-input\":{\"@type\":\"PropertyValueSpecification\",\"valueRequired\":true,\"valueName\":\"search_term_string\"}}],\"inLanguage\":\"en-US\"},{\"@type\":\"Organization\",\"@id\":\"https:\/\/placedurhum.com\/#organization\",\"name\":\"Place du rhum\",\"url\":\"https:\/\/placedurhum.com\/\",\"logo\":{\"@type\":\"ImageObject\",\"inLanguage\":\"en-US\",\"@id\":\"https:\/\/placedurhum.com\/#\/schema\/logo\/image\/\",\"url\":\"https:\/\/placedurhum.com\/wp-content\/uploads\/2024\/06\/cropped-logo_placedurhum.png\",\"contentUrl\":\"https:\/\/placedurhum.com\/wp-content\/uploads\/2024\/06\/cropped-logo_placedurhum.png\",\"width\":150,\"height\":140,\"caption\":\"Place du rhum\"},\"image\":{\"@id\":\"https:\/\/placedurhum.com\/#\/schema\/logo\/image\/\"},\"sameAs\":[\"https:\/\/www.facebook.com\/placedurhum\/?locale=fr_FR\",\"https:\/\/www.instagram.com\/placedurhum\/\"]}]}<\/script>\n<!-- \/ Yoast SEO plugin. -->","yoast_head_json":{"title":"Dead Reckoning Mutiny - South Pacific - Place du rhum","robots":{"index":"index","follow":"follow","max-snippet":"max-snippet:-1","max-image-preview":"max-image-preview:large","max-video-preview":"max-video-preview:-1"},"canonical":"https:\/\/placedurhum.com\/index.php\/produit\/dead-reckoning-mutiny-south-pacific\/","og_locale":"en_US","og_type":"article","og_title":"Dead Reckoning Mutiny - South Pacific - Place du rhum","og_description":"Rhum a 68\u00b0  Provenance : Fidji  70cl","og_url":"https:\/\/placedurhum.com\/index.php\/produit\/dead-reckoning-mutiny-south-pacific\/","og_site_name":"Place du rhum","article_publisher":"https:\/\/www.facebook.com\/placedurhum\/?locale=fr_FR","article_modified_time":"2024-07-04T09:37:30+00:00","og_image":[{"width":879,"height":1906,"url":"https:\/\/placedurhum.com\/wp-content\/uploads\/2024\/07\/image4.webp","type":"image\/webp"}],"twitter_card":"summary_large_image","twitter_misc":{"Est. reading time":"2 minutes"},"schema":{"@context":"https:\/\/schema.org","@graph":[{"@type":"WebPage","@id":"https:\/\/placedurhum.com\/index.php\/produit\/dead-reckoning-mutiny-south-pacific\/","url":"https:\/\/placedurhum.com\/index.php\/produit\/dead-reckoning-mutiny-south-pacific\/","name":"Dead Reckoning Mutiny - South Pacific - Place du rhum","isPartOf":{"@id":"https:\/\/placedurhum.com\/#website"},"primaryImageOfPage":{"@id":"https:\/\/placedurhum.com\/index.php\/produit\/dead-reckoning-mutiny-south-pacific\/#primaryimage"},"image":{"@id":"https:\/\/placedurhum.com\/index.php\/produit\/dead-reckoning-mutiny-south-pacific\/#primaryimage"},"thumbnailUrl":"https:\/\/placedurhum.com\/wp-content\/uploads\/2024\/07\/image4.webp","datePublished":"2024-07-04T09:36:12+00:00","dateModified":"2024-07-04T09:37:30+00:00","breadcrumb":{"@id":"https:\/\/placedurhum.com\/index.php\/produit\/dead-reckoning-mutiny-south-pacific\/#breadcrumb"},"inLanguage":"en-US","potentialAction":[{"@type":"ReadAction","target":["https:\/\/placedurhum.com\/index.php\/produit\/dead-reckoning-mutiny-south-pacific\/"]}]},{"@type":"ImageObject","inLanguage":"en-US","@id":"https:\/\/placedurhum.com\/index.php\/produit\/dead-reckoning-mutiny-south-pacific\/#primaryimage","url":"https:\/\/placedurhum.com\/wp-content\/uploads\/2024\/07\/image4.webp","contentUrl":"https:\/\/placedurhum.com\/wp-content\/uploads\/2024\/07\/image4.webp","width":879,"height":1906},{"@type":"BreadcrumbList","@id":"https:\/\/placedurhum.com\/index.php\/produit\/dead-reckoning-mutiny-south-pacific\/#breadcrumb","itemListElement":[{"@type":"ListItem","position":1,"name":"Accueil","item":"https:\/\/placedurhum.com\/"},{"@type":"ListItem","position":2,"name":"Boutique","item":"https:\/\/placedurhum.com\/index.php\/boutique\/"},{"@type":"ListItem","position":3,"name":"Dead Reckoning Mutiny &#8211; South Pacific"}]},{"@type":"WebSite","@id":"https:\/\/placedurhum.com\/#website","url":"https:\/\/placedurhum.com\/","name":"Place du rhum","description":"Cave et bar \u00e0 cocktail","publisher":{"@id":"https:\/\/placedurhum.com\/#organization"},"potentialAction":[{"@type":"SearchAction","target":{"@type":"EntryPoint","urlTemplate":"https:\/\/placedurhum.com\/?s={search_term_string}"},"query-input":{"@type":"PropertyValueSpecification","valueRequired":true,"valueName":"search_term_string"}}],"inLanguage":"en-US"},{"@type":"Organization","@id":"https:\/\/placedurhum.com\/#organization","name":"Place du rhum","url":"https:\/\/placedurhum.com\/","logo":{"@type":"ImageObject","inLanguage":"en-US","@id":"https:\/\/placedurhum.com\/#\/schema\/logo\/image\/","url":"https:\/\/placedurhum.com\/wp-content\/uploads\/2024\/06\/cropped-logo_placedurhum.png","contentUrl":"https:\/\/placedurhum.com\/wp-content\/uploads\/2024\/06\/cropped-logo_placedurhum.png","width":150,"height":140,"caption":"Place du rhum"},"image":{"@id":"https:\/\/placedurhum.com\/#\/schema\/logo\/image\/"},"sameAs":["https:\/\/www.facebook.com\/placedurhum\/?locale=fr_FR","https:\/\/www.instagram.com\/placedurhum\/"]}]}},"_links":{"self":[{"href":"https:\/\/placedurhum.com\/index.php\/wp-json\/wp\/v2\/product\/519","targetHints":{"allow":["GET"]}}],"collection":[{"href":"https:\/\/placedurhum.com\/index.php\/wp-json\/wp\/v2\/product"}],"about":[{"href":"https:\/\/placedurhum.com\/index.php\/wp-json\/wp\/v2\/types\/product"}],"wp:featuredmedia":[{"embeddable":true,"href":"https:\/\/placedurhum.com\/index.php\/wp-json\/wp\/v2\/media\/521"}],"wp:attachment":[{"href":"https:\/\/placedurhum.com\/index.php\/wp-json\/wp\/v2\/media?parent=519"}],"wp:term":[{"taxonomy":"product_brand","embeddable":true,"href":"https:\/\/placedurhum.com\/index.php\/wp-json\/wp\/v2\/product_brand?post=519"},{"taxonomy":"product_cat","embeddable":true,"href":"https:\/\/placedurhum.com\/index.php\/wp-json\/wp\/v2\/product_cat?post=519"},{"taxonomy":"product_tag","embeddable":true,"href":"https:\/\/placedurhum.com\/index.php\/wp-json\/wp\/v2\/product_tag?post=519"}],"curies":[{"name":"wp","href":"https:\/\/api.w.org\/{rel}","templated":true}]}}