{"id":346,"date":"2024-06-18T09:49:22","date_gmt":"2024-06-18T07:49:22","guid":{"rendered":"https:\/\/placedurhum.com\/?post_type=product&#038;p=346"},"modified":"2024-08-04T16:30:29","modified_gmt":"2024-08-04T14:30:29","slug":"texas-rhum-balcones","status":"publish","type":"product","link":"https:\/\/placedurhum.com\/index.php\/produit\/texas-rhum-balcones\/","title":{"rendered":"Texas Rhum Balcones"},"content":{"rendered":"<p>Le rhum Balcones se distingue par ses saveurs profondes de fruits et ses notes chaleureuses de vanille et de caramel br\u00fbl\u00e9, suscitant la curiosit\u00e9 tant des puristes du rhum que des amateurs de whisky passionn\u00e9s.<\/p>\n<h2>L&#8217;avis de d\u00e9gustation de Place du Rum<\/h2>\n<p>Au nez, des ar\u00f4mes de sucre d&#8217;orge, violette, pruneau, tanin cuivr\u00e9, noix grill\u00e9es et caramel sal\u00e9. En bouche, une exp\u00e9rience luxuriante et enveloppante avec des f\u00e8ves de cacao, sirop de noisette, charbon sec, cerises acidul\u00e9es, pain grill\u00e9 et caramel. La finale est \u00e9paisse, avec des tanins abondants, du sucre brut, des peaux de fruits, des betteraves confites et du charbon.<\/p>\n<p>D\u00e9couvrez Balcones, le rhum qui incarne l&#8217;essence audacieuse du Texas. Alliant tradition et modernit\u00e9, chaque bouteille est une invitation \u00e0 explorer les vastes plaines et les cieux \u00e9toil\u00e9s du Texas.<\/p>\n","protected":false},"excerpt":{"rendered":"<p>Rhum a 63,9\u00b0<\/p>\n<p>Provenance : \u00c9tat-Unis<\/p>\n<p>70cl<\/p>\n","protected":false},"featured_media":347,"template":"","meta":[],"product_brand":[],"product_cat":[22],"product_tag":[],"class_list":{"0":"post-346","1":"product","2":"type-product","3":"status-publish","4":"has-post-thumbnail","6":"product_cat-rhum-de-melasse","8":"entry","9":"has-media","11":"first","12":"instock","13":"taxable","14":"shipping-taxable","15":"purchasable","16":"product-type-simple","17":"col","18":"span_1_of_3","19":"owp-content-center","20":"item-entry","21":"owp-thumbs-layout-horizontal","22":"owp-btn-normal","23":"owp-tabs-layout-horizontal","24":"has-no-thumbnails","25":"circle-sale"},"yoast_head":"<!-- This site is optimized with the Yoast SEO plugin v23.6 - https:\/\/yoast.com\/wordpress\/plugins\/seo\/ -->\n<title>Texas Rhum Balcones - Place du rhum<\/title>\n<meta name=\"robots\" content=\"index, follow, max-snippet:-1, max-image-preview:large, max-video-preview:-1\" \/>\n<link rel=\"canonical\" href=\"https:\/\/placedurhum.com\/index.php\/produit\/texas-rhum-balcones\/\" \/>\n<meta property=\"og:locale\" content=\"en_US\" \/>\n<meta property=\"og:type\" content=\"article\" \/>\n<meta property=\"og:title\" content=\"Texas Rhum Balcones - Place du rhum\" \/>\n<meta property=\"og:description\" content=\"Rhum a 63,9\u00b0  Provenance : \u00c9tat-Unis  70cl\" \/>\n<meta property=\"og:url\" content=\"https:\/\/placedurhum.com\/index.php\/produit\/texas-rhum-balcones\/\" \/>\n<meta property=\"og:site_name\" content=\"Place du rhum\" \/>\n<meta property=\"article:publisher\" content=\"https:\/\/www.facebook.com\/placedurhum\/?locale=fr_FR\" \/>\n<meta property=\"article:modified_time\" content=\"2024-08-04T14:30:29+00:00\" \/>\n<meta property=\"og:image\" content=\"https:\/\/placedurhum.com\/wp-content\/uploads\/2024\/06\/1.png\" \/>\n\t<meta property=\"og:image:width\" content=\"500\" \/>\n\t<meta property=\"og:image:height\" content=\"500\" \/>\n\t<meta property=\"og:image:type\" content=\"image\/png\" \/>\n<meta name=\"twitter:card\" content=\"summary_large_image\" \/>\n<meta name=\"twitter:label1\" content=\"Est. reading time\" \/>\n\t<meta name=\"twitter:data1\" content=\"1 minute\" \/>\n<script type=\"application\/ld+json\" class=\"yoast-schema-graph\">{\"@context\":\"https:\/\/schema.org\",\"@graph\":[{\"@type\":\"WebPage\",\"@id\":\"https:\/\/placedurhum.com\/index.php\/produit\/texas-rhum-balcones\/\",\"url\":\"https:\/\/placedurhum.com\/index.php\/produit\/texas-rhum-balcones\/\",\"name\":\"Texas Rhum Balcones - Place du rhum\",\"isPartOf\":{\"@id\":\"https:\/\/placedurhum.com\/#website\"},\"primaryImageOfPage\":{\"@id\":\"https:\/\/placedurhum.com\/index.php\/produit\/texas-rhum-balcones\/#primaryimage\"},\"image\":{\"@id\":\"https:\/\/placedurhum.com\/index.php\/produit\/texas-rhum-balcones\/#primaryimage\"},\"thumbnailUrl\":\"https:\/\/placedurhum.com\/wp-content\/uploads\/2024\/06\/1.png\",\"datePublished\":\"2024-06-18T07:49:22+00:00\",\"dateModified\":\"2024-08-04T14:30:29+00:00\",\"breadcrumb\":{\"@id\":\"https:\/\/placedurhum.com\/index.php\/produit\/texas-rhum-balcones\/#breadcrumb\"},\"inLanguage\":\"en-US\",\"potentialAction\":[{\"@type\":\"ReadAction\",\"target\":[\"https:\/\/placedurhum.com\/index.php\/produit\/texas-rhum-balcones\/\"]}]},{\"@type\":\"ImageObject\",\"inLanguage\":\"en-US\",\"@id\":\"https:\/\/placedurhum.com\/index.php\/produit\/texas-rhum-balcones\/#primaryimage\",\"url\":\"https:\/\/placedurhum.com\/wp-content\/uploads\/2024\/06\/1.png\",\"contentUrl\":\"https:\/\/placedurhum.com\/wp-content\/uploads\/2024\/06\/1.png\",\"width\":500,\"height\":500},{\"@type\":\"BreadcrumbList\",\"@id\":\"https:\/\/placedurhum.com\/index.php\/produit\/texas-rhum-balcones\/#breadcrumb\",\"itemListElement\":[{\"@type\":\"ListItem\",\"position\":1,\"name\":\"Accueil\",\"item\":\"https:\/\/placedurhum.com\/\"},{\"@type\":\"ListItem\",\"position\":2,\"name\":\"Boutique\",\"item\":\"https:\/\/placedurhum.com\/index.php\/boutique\/\"},{\"@type\":\"ListItem\",\"position\":3,\"name\":\"Texas Rhum Balcones\"}]},{\"@type\":\"WebSite\",\"@id\":\"https:\/\/placedurhum.com\/#website\",\"url\":\"https:\/\/placedurhum.com\/\",\"name\":\"Place du rhum\",\"description\":\"Cave et bar \u00e0 cocktail\",\"publisher\":{\"@id\":\"https:\/\/placedurhum.com\/#organization\"},\"potentialAction\":[{\"@type\":\"SearchAction\",\"target\":{\"@type\":\"EntryPoint\",\"urlTemplate\":\"https:\/\/placedurhum.com\/?s={search_term_string}\"},\"query-input\":{\"@type\":\"PropertyValueSpecification\",\"valueRequired\":true,\"valueName\":\"search_term_string\"}}],\"inLanguage\":\"en-US\"},{\"@type\":\"Organization\",\"@id\":\"https:\/\/placedurhum.com\/#organization\",\"name\":\"Place du rhum\",\"url\":\"https:\/\/placedurhum.com\/\",\"logo\":{\"@type\":\"ImageObject\",\"inLanguage\":\"en-US\",\"@id\":\"https:\/\/placedurhum.com\/#\/schema\/logo\/image\/\",\"url\":\"https:\/\/placedurhum.com\/wp-content\/uploads\/2024\/06\/cropped-logo_placedurhum.png\",\"contentUrl\":\"https:\/\/placedurhum.com\/wp-content\/uploads\/2024\/06\/cropped-logo_placedurhum.png\",\"width\":150,\"height\":140,\"caption\":\"Place du rhum\"},\"image\":{\"@id\":\"https:\/\/placedurhum.com\/#\/schema\/logo\/image\/\"},\"sameAs\":[\"https:\/\/www.facebook.com\/placedurhum\/?locale=fr_FR\",\"https:\/\/www.instagram.com\/placedurhum\/\"]}]}<\/script>\n<!-- \/ Yoast SEO plugin. -->","yoast_head_json":{"title":"Texas Rhum Balcones - Place du rhum","robots":{"index":"index","follow":"follow","max-snippet":"max-snippet:-1","max-image-preview":"max-image-preview:large","max-video-preview":"max-video-preview:-1"},"canonical":"https:\/\/placedurhum.com\/index.php\/produit\/texas-rhum-balcones\/","og_locale":"en_US","og_type":"article","og_title":"Texas Rhum Balcones - Place du rhum","og_description":"Rhum a 63,9\u00b0  Provenance : \u00c9tat-Unis  70cl","og_url":"https:\/\/placedurhum.com\/index.php\/produit\/texas-rhum-balcones\/","og_site_name":"Place du rhum","article_publisher":"https:\/\/www.facebook.com\/placedurhum\/?locale=fr_FR","article_modified_time":"2024-08-04T14:30:29+00:00","og_image":[{"width":500,"height":500,"url":"https:\/\/placedurhum.com\/wp-content\/uploads\/2024\/06\/1.png","type":"image\/png"}],"twitter_card":"summary_large_image","twitter_misc":{"Est. reading time":"1 minute"},"schema":{"@context":"https:\/\/schema.org","@graph":[{"@type":"WebPage","@id":"https:\/\/placedurhum.com\/index.php\/produit\/texas-rhum-balcones\/","url":"https:\/\/placedurhum.com\/index.php\/produit\/texas-rhum-balcones\/","name":"Texas Rhum Balcones - Place du rhum","isPartOf":{"@id":"https:\/\/placedurhum.com\/#website"},"primaryImageOfPage":{"@id":"https:\/\/placedurhum.com\/index.php\/produit\/texas-rhum-balcones\/#primaryimage"},"image":{"@id":"https:\/\/placedurhum.com\/index.php\/produit\/texas-rhum-balcones\/#primaryimage"},"thumbnailUrl":"https:\/\/placedurhum.com\/wp-content\/uploads\/2024\/06\/1.png","datePublished":"2024-06-18T07:49:22+00:00","dateModified":"2024-08-04T14:30:29+00:00","breadcrumb":{"@id":"https:\/\/placedurhum.com\/index.php\/produit\/texas-rhum-balcones\/#breadcrumb"},"inLanguage":"en-US","potentialAction":[{"@type":"ReadAction","target":["https:\/\/placedurhum.com\/index.php\/produit\/texas-rhum-balcones\/"]}]},{"@type":"ImageObject","inLanguage":"en-US","@id":"https:\/\/placedurhum.com\/index.php\/produit\/texas-rhum-balcones\/#primaryimage","url":"https:\/\/placedurhum.com\/wp-content\/uploads\/2024\/06\/1.png","contentUrl":"https:\/\/placedurhum.com\/wp-content\/uploads\/2024\/06\/1.png","width":500,"height":500},{"@type":"BreadcrumbList","@id":"https:\/\/placedurhum.com\/index.php\/produit\/texas-rhum-balcones\/#breadcrumb","itemListElement":[{"@type":"ListItem","position":1,"name":"Accueil","item":"https:\/\/placedurhum.com\/"},{"@type":"ListItem","position":2,"name":"Boutique","item":"https:\/\/placedurhum.com\/index.php\/boutique\/"},{"@type":"ListItem","position":3,"name":"Texas Rhum Balcones"}]},{"@type":"WebSite","@id":"https:\/\/placedurhum.com\/#website","url":"https:\/\/placedurhum.com\/","name":"Place du rhum","description":"Cave et bar \u00e0 cocktail","publisher":{"@id":"https:\/\/placedurhum.com\/#organization"},"potentialAction":[{"@type":"SearchAction","target":{"@type":"EntryPoint","urlTemplate":"https:\/\/placedurhum.com\/?s={search_term_string}"},"query-input":{"@type":"PropertyValueSpecification","valueRequired":true,"valueName":"search_term_string"}}],"inLanguage":"en-US"},{"@type":"Organization","@id":"https:\/\/placedurhum.com\/#organization","name":"Place du rhum","url":"https:\/\/placedurhum.com\/","logo":{"@type":"ImageObject","inLanguage":"en-US","@id":"https:\/\/placedurhum.com\/#\/schema\/logo\/image\/","url":"https:\/\/placedurhum.com\/wp-content\/uploads\/2024\/06\/cropped-logo_placedurhum.png","contentUrl":"https:\/\/placedurhum.com\/wp-content\/uploads\/2024\/06\/cropped-logo_placedurhum.png","width":150,"height":140,"caption":"Place du rhum"},"image":{"@id":"https:\/\/placedurhum.com\/#\/schema\/logo\/image\/"},"sameAs":["https:\/\/www.facebook.com\/placedurhum\/?locale=fr_FR","https:\/\/www.instagram.com\/placedurhum\/"]}]}},"_links":{"self":[{"href":"https:\/\/placedurhum.com\/index.php\/wp-json\/wp\/v2\/product\/346","targetHints":{"allow":["GET"]}}],"collection":[{"href":"https:\/\/placedurhum.com\/index.php\/wp-json\/wp\/v2\/product"}],"about":[{"href":"https:\/\/placedurhum.com\/index.php\/wp-json\/wp\/v2\/types\/product"}],"wp:featuredmedia":[{"embeddable":true,"href":"https:\/\/placedurhum.com\/index.php\/wp-json\/wp\/v2\/media\/347"}],"wp:attachment":[{"href":"https:\/\/placedurhum.com\/index.php\/wp-json\/wp\/v2\/media?parent=346"}],"wp:term":[{"taxonomy":"product_brand","embeddable":true,"href":"https:\/\/placedurhum.com\/index.php\/wp-json\/wp\/v2\/product_brand?post=346"},{"taxonomy":"product_cat","embeddable":true,"href":"https:\/\/placedurhum.com\/index.php\/wp-json\/wp\/v2\/product_cat?post=346"},{"taxonomy":"product_tag","embeddable":true,"href":"https:\/\/placedurhum.com\/index.php\/wp-json\/wp\/v2\/product_tag?post=346"}],"curies":[{"name":"wp","href":"https:\/\/api.w.org\/{rel}","templated":true}]}}