{"id":80,"date":"2024-06-17T10:12:14","date_gmt":"2024-06-17T08:12:14","guid":{"rendered":"https:\/\/placedurhum.com\/?page_id=80"},"modified":"2024-06-18T15:46:04","modified_gmt":"2024-06-18T13:46:04","slug":"contact","status":"publish","type":"page","link":"https:\/\/placedurhum.com\/index.php\/contact\/","title":{"rendered":"Contact"},"content":{"rendered":"\t\t<div data-elementor-type=\"wp-page\" data-elementor-id=\"80\" class=\"elementor elementor-80\">\n\t\t\t\t<div class=\"elementor-element elementor-element-9fec3e6 e-flex e-con-boxed e-con e-parent\" data-id=\"9fec3e6\" data-element_type=\"container\" data-e-type=\"container\">\n\t\t\t\t\t<div class=\"e-con-inner\">\n\t\t\t\t<div class=\"elementor-element elementor-element-0d855a1 elementor-widget elementor-widget-heading\" data-id=\"0d855a1\" data-element_type=\"widget\" data-e-type=\"widget\" data-widget_type=\"heading.default\">\n\t\t\t\t<div class=\"elementor-widget-container\">\n\t\t\t\t\t<h1 class=\"elementor-heading-title elementor-size-default\">Contactez-nous !<\/h1>\t\t\t\t<\/div>\n\t\t\t\t<\/div>\n\t\t\t\t\t<\/div>\n\t\t\t\t<\/div>\n\t\t<div class=\"elementor-element elementor-element-8d429b7 e-flex e-con-boxed e-con e-parent\" data-id=\"8d429b7\" data-element_type=\"container\" data-e-type=\"container\">\n\t\t\t\t\t<div class=\"e-con-inner\">\n\t\t\t\t<div class=\"elementor-element elementor-element-8c3c6f8 elementor-widget elementor-widget-formidable\" data-id=\"8c3c6f8\" data-element_type=\"widget\" data-e-type=\"widget\" data-widget_type=\"formidable.default\">\n\t\t\t\t<div class=\"elementor-widget-container\">\n\t\t\t\t\t<div class=\"frm_forms  with_frm_style frm_style_style-formidable\" id=\"frm_form_2_container\" data-token=\"ccf37e00a56c93d9e890411a1faa7f97\">\n<form enctype=\"multipart\/form-data\" method=\"post\" class=\"frm-show-form \" id=\"form_ovjl6\" data-token=\"ccf37e00a56c93d9e890411a1faa7f97\">\n<div class=\"frm_form_fields \">\n<fieldset>\n<legend class=\"frm_screen_reader\">Mon formulaire de contact<\/legend>\r\n\r\n<div class=\"frm_fields_container\">\n<input type=\"hidden\" name=\"frm_action\" value=\"create\" \/>\n<input type=\"hidden\" name=\"form_id\" value=\"2\" \/>\n<input type=\"hidden\" name=\"frm_hide_fields_2\" id=\"frm_hide_fields_2\" value=\"\" \/>\n<input type=\"hidden\" name=\"form_key\" value=\"ovjl6\" \/>\n<input type=\"hidden\" name=\"item_meta[0]\" value=\"\" \/>\n<input type=\"hidden\" id=\"frm_submit_entry_2\" name=\"frm_submit_entry_2\" value=\"736f2b12be\" \/><input type=\"hidden\" name=\"_wp_http_referer\" value=\"\/index.php\/wp-json\/wp\/v2\/pages\/80\" \/><div id=\"frm_field_11_container\" class=\"frm_form_field form-field  frm_required_field frm_top_container\">\r\n\t<div  id=\"field_j2znm_label\" class=\"frm_primary_label\">Pr\u00e9nom & Nom\r\n\t\t<span class=\"frm_required\" aria-hidden=\"true\">*<\/span>\r\n\t<\/div>\r\n\t<fieldset aria-labelledby=\"field_j2znm_label\">\n\t<legend class=\"frm_screen_reader frm_hidden\">\n\t\tPr\u00e9nom &amp; Nom\t<\/legend>\n\n\t<div  class=\"frm_combo_inputs_container\" id=\"frm_combo_inputs_container_11\" data-name-layout=\"last_first\">\n\t\t\t\t\t<div\n\t\t\t\tid=\"frm_field_11-last_container\"\n\t\t\t\tclass=\"frm_form_field form-field frm_form_subfield-last  frm6\"\n\t\t\t\tdata-sub-field-name=\"last\"\n\t\t\t>\n\t\t\t\t<label for=\"field_j2znm_last\" class=\"frm_screen_reader frm_hidden\">\n\t\t\t\t\tPr\u00e9nom &amp; Nom\t\t\t\t<\/label>\n\n\t\t\t\t<input  type=\"text\" id=\"field_j2znm_last\" value=\"\" name=\"item_meta[11][last]\" autocomplete=\"family-name\" placeholder=\"Pr\u00e9nom\" data-reqmsg=\"Pr\u00e9nom &amp; Nom ne peut pas \u00eatre vide.\" aria-required=\"true\" data-invmsg=\"Pr\u00e9nom &amp; Nom is invalid\" aria-invalid=\"false\"  \/>\t\t\t<\/div>\n\t\t\t\t\t\t<div\n\t\t\t\tid=\"frm_field_11-first_container\"\n\t\t\t\tclass=\"frm_form_field form-field frm_form_subfield-first  frm6\"\n\t\t\t\tdata-sub-field-name=\"first\"\n\t\t\t>\n\t\t\t\t<label for=\"field_j2znm_first\" class=\"frm_screen_reader frm_hidden\">\n\t\t\t\t\tPr\u00e9nom &amp; Nom\t\t\t\t<\/label>\n\n\t\t\t\t<input  type=\"text\" id=\"field_j2znm_first\" value=\"\" name=\"item_meta[11][first]\" autocomplete=\"given-name\" placeholder=\"Nom\" data-reqmsg=\"Pr\u00e9nom &amp; Nom ne peut pas \u00eatre vide.\" aria-required=\"true\" data-invmsg=\"Pr\u00e9nom &amp; Nom is invalid\" aria-invalid=\"false\"  \/>\t\t\t<\/div>\n\t\t\t\t<\/div>\n<\/fieldset>\n\r\n\t\r\n\t\r\n<\/div>\n<div id=\"frm_field_12_container\" class=\"frm_form_field form-field  frm_required_field frm_top_container frm6 frm_first\">\r\n\t<label for=\"field_lk45x\" id=\"field_lk45x_label\" class=\"frm_primary_label\">T\u00e9l\u00e9phone\r\n\t\t<span class=\"frm_required\" aria-hidden=\"true\">*<\/span>\r\n\t<\/label>\r\n\t<input type=\"tel\" id=\"field_lk45x\" name=\"item_meta[12]\" value=\"\"  data-reqmsg=\"T\u00e9l\u00e9phone ne peut pas \u00eatre vide.\" aria-required=\"true\" data-invmsg=\"T\u00e9l\u00e9phone est non valide\" aria-invalid=\"false\" pattern=\"((\\+\\d{1,3}(-|.| )?\\(?\\d\\)?(-| |.)?\\d{1,5})|(\\(?\\d{2,6}\\)?))(-|.| )?(\\d{3,4})(-|.| )?(\\d{4})(( x| ext)\\d{1,5}){0,1}$\"  \/>\r\n\t\r\n\t\r\n<\/div>\n<div id=\"frm_field_13_container\" class=\"frm_form_field form-field  frm_required_field frm_top_container frm6\">\r\n\t<label for=\"field_my9pi\" id=\"field_my9pi_label\" class=\"frm_primary_label\">Email\r\n\t\t<span class=\"frm_required\" aria-hidden=\"true\">*<\/span>\r\n\t<\/label>\r\n\t<input type=\"email\" id=\"field_my9pi\" name=\"item_meta[13]\" value=\"\"  data-reqmsg=\"Email ne peut pas \u00eatre vide.\" aria-required=\"true\" data-invmsg=\"Email est non valide\" aria-invalid=\"false\"  \/>\r\n\t\r\n\t\r\n<\/div>\n<div id=\"frm_field_14_container\" class=\"frm_form_field form-field  frm_top_container frm12 frm_first\">\r\n\t<label for=\"field_438cb\" id=\"field_438cb_label\" class=\"frm_primary_label\">Votre message\r\n\t\t<span class=\"frm_required\" aria-hidden=\"true\"><\/span>\r\n\t<\/label>\r\n\t<textarea name=\"item_meta[14]\" id=\"field_438cb\" rows=\"5\"  data-invmsg=\"Votre message is invalid\" aria-invalid=\"false\"  ><\/textarea>\r\n\t\r\n\t\r\n<\/div>\n<div id=\"frm_field_7_container\" class=\"frm_form_field form-field  frm12 frm_first\">\r\n\t<div class=\"frm_submit frm_flex\">\r\n<button class=\"frm_button_submit\" type=\"submit\"  >Envoyer<\/button>\r\n\r\n\r\n\r\n<\/div>\r\n<\/div>\n\t<input type=\"hidden\" name=\"item_key\" value=\"\" \/>\n\t\t\t<div id=\"frm_field_15_container\">\n\t\t\t<label for=\"field_x8qjp\" >\n\t\t\t\tIf you are human, leave this field blank.\t\t\t<\/label>\n\t\t\t<input  id=\"field_x8qjp\" type=\"text\" class=\"frm_form_field form-field frm_verify\" name=\"item_meta[15]\" value=\"\"  \/>\n\t\t<\/div>\n\t\t<input name=\"frm_state\" type=\"hidden\" value=\"3CEzrJ6AvYQ1cuoLZ1rLTVlRRDsr1+V6sPf7xFC1GP4=\" \/><\/div>\n<\/fieldset>\n<\/div>\n\n<\/form>\n<\/div>\n\t\t\t\t<\/div>\n\t\t\t\t<\/div>\n\t\t\t\t\t<\/div>\n\t\t\t\t<\/div>\n\t\t<div class=\"elementor-element elementor-element-cccc8eb e-con-full e-flex e-con e-parent\" data-id=\"cccc8eb\" data-element_type=\"container\" data-e-type=\"container\">\n\t\t\t\t<div class=\"elementor-element elementor-element-e4a3c87 elementor-widget elementor-widget-google_maps\" data-id=\"e4a3c87\" data-element_type=\"widget\" data-e-type=\"widget\" data-widget_type=\"google_maps.default\">\n\t\t\t\t<div class=\"elementor-widget-container\">\n\t\t\t\t\t\t\t<div class=\"elementor-custom-embed\">\n\t\t\t<iframe loading=\"lazy\"\n\t\t\t\t\tsrc=\"https:\/\/maps.google.com\/maps?q=35%20rue%20Sade%2C%20Pl.%20nationale%2C%2006600%20Antibes&#038;t=m&#038;z=17&#038;output=embed&#038;iwloc=near\"\n\t\t\t\t\ttitle=\"35 rue Sade, Pl. nationale, 06600 Antibes\"\n\t\t\t\t\taria-label=\"35 rue Sade, Pl. nationale, 06600 Antibes\"\n\t\t\t><\/iframe>\n\t\t<\/div>\n\t\t\t\t\t\t<\/div>\n\t\t\t\t<\/div>\n\t\t\t\t<\/div>\n\t\t\t\t<\/div>\n\t\t","protected":false},"excerpt":{"rendered":"<p>Contactez-nous ! Mon formulaire de contact Pr\u00e9nom &#038; Nom * Pr\u00e9nom &amp; Nom Pr\u00e9nom &amp; Nom Pr\u00e9nom &amp; Nom T\u00e9l\u00e9phone * Email * Votre message Envoyer Si vous \u00eates un humain, ne remplissez pas ce champ.<\/p>\n","protected":false},"author":1,"featured_media":0,"parent":0,"menu_order":0,"comment_status":"closed","ping_status":"closed","template":"","meta":{"footnotes":""},"class_list":["post-80","page","type-page","status-publish","hentry","entry","owp-thumbs-layout-horizontal","owp-btn-normal","owp-tabs-layout-horizontal","has-no-thumbnails","circle-sale"],"yoast_head":"<!-- This site is optimized with the Yoast SEO plugin v23.6 - https:\/\/yoast.com\/wordpress\/plugins\/seo\/ -->\n<title>Contact - Place du rhum<\/title>\n<meta name=\"robots\" content=\"index, follow, max-snippet:-1, max-image-preview:large, max-video-preview:-1\" \/>\n<link rel=\"canonical\" href=\"https:\/\/placedurhum.com\/index.php\/contact\/\" \/>\n<meta property=\"og:locale\" content=\"en_US\" \/>\n<meta property=\"og:type\" content=\"article\" \/>\n<meta property=\"og:title\" content=\"Contact - Place du rhum\" \/>\n<meta property=\"og:description\" content=\"Contactez-nous ! Mon formulaire de contact Pr\u00e9nom &#038; Nom * Pr\u00e9nom &amp; Nom Pr\u00e9nom &amp; Nom Pr\u00e9nom &amp; Nom T\u00e9l\u00e9phone * Email * Votre message Envoyer Si vous \u00eates un humain, ne remplissez pas ce champ.\" \/>\n<meta property=\"og:url\" content=\"https:\/\/placedurhum.com\/index.php\/contact\/\" \/>\n<meta property=\"og:site_name\" content=\"Place du rhum\" \/>\n<meta property=\"article:publisher\" content=\"https:\/\/www.facebook.com\/placedurhum\/?locale=fr_FR\" \/>\n<meta property=\"article:modified_time\" content=\"2024-06-18T13:46:04+00:00\" \/>\n<meta name=\"twitter:card\" content=\"summary_large_image\" \/>\n<script type=\"application\/ld+json\" class=\"yoast-schema-graph\">{\"@context\":\"https:\/\/schema.org\",\"@graph\":[{\"@type\":\"WebPage\",\"@id\":\"https:\/\/placedurhum.com\/index.php\/contact\/\",\"url\":\"https:\/\/placedurhum.com\/index.php\/contact\/\",\"name\":\"Contact - Place du rhum\",\"isPartOf\":{\"@id\":\"https:\/\/placedurhum.com\/#website\"},\"datePublished\":\"2024-06-17T08:12:14+00:00\",\"dateModified\":\"2024-06-18T13:46:04+00:00\",\"breadcrumb\":{\"@id\":\"https:\/\/placedurhum.com\/index.php\/contact\/#breadcrumb\"},\"inLanguage\":\"en-US\",\"potentialAction\":[{\"@type\":\"ReadAction\",\"target\":[\"https:\/\/placedurhum.com\/index.php\/contact\/\"]}]},{\"@type\":\"BreadcrumbList\",\"@id\":\"https:\/\/placedurhum.com\/index.php\/contact\/#breadcrumb\",\"itemListElement\":[{\"@type\":\"ListItem\",\"position\":1,\"name\":\"Accueil\",\"item\":\"https:\/\/placedurhum.com\/\"},{\"@type\":\"ListItem\",\"position\":2,\"name\":\"Contact\"}]},{\"@type\":\"WebSite\",\"@id\":\"https:\/\/placedurhum.com\/#website\",\"url\":\"https:\/\/placedurhum.com\/\",\"name\":\"Place du rhum\",\"description\":\"Cave et bar \u00e0 cocktail\",\"publisher\":{\"@id\":\"https:\/\/placedurhum.com\/#organization\"},\"potentialAction\":[{\"@type\":\"SearchAction\",\"target\":{\"@type\":\"EntryPoint\",\"urlTemplate\":\"https:\/\/placedurhum.com\/?s={search_term_string}\"},\"query-input\":{\"@type\":\"PropertyValueSpecification\",\"valueRequired\":true,\"valueName\":\"search_term_string\"}}],\"inLanguage\":\"en-US\"},{\"@type\":\"Organization\",\"@id\":\"https:\/\/placedurhum.com\/#organization\",\"name\":\"Place du rhum\",\"url\":\"https:\/\/placedurhum.com\/\",\"logo\":{\"@type\":\"ImageObject\",\"inLanguage\":\"en-US\",\"@id\":\"https:\/\/placedurhum.com\/#\/schema\/logo\/image\/\",\"url\":\"https:\/\/placedurhum.com\/wp-content\/uploads\/2024\/06\/cropped-logo_placedurhum.png\",\"contentUrl\":\"https:\/\/placedurhum.com\/wp-content\/uploads\/2024\/06\/cropped-logo_placedurhum.png\",\"width\":150,\"height\":140,\"caption\":\"Place du rhum\"},\"image\":{\"@id\":\"https:\/\/placedurhum.com\/#\/schema\/logo\/image\/\"},\"sameAs\":[\"https:\/\/www.facebook.com\/placedurhum\/?locale=fr_FR\",\"https:\/\/www.instagram.com\/placedurhum\/\"]}]}<\/script>\n<!-- \/ Yoast SEO plugin. -->","yoast_head_json":{"title":"Contact - Place du rhum","robots":{"index":"index","follow":"follow","max-snippet":"max-snippet:-1","max-image-preview":"max-image-preview:large","max-video-preview":"max-video-preview:-1"},"canonical":"https:\/\/placedurhum.com\/index.php\/contact\/","og_locale":"en_US","og_type":"article","og_title":"Contact - Place du rhum","og_description":"Contactez-nous ! Mon formulaire de contact Pr\u00e9nom &#038; Nom * Pr\u00e9nom &amp; Nom Pr\u00e9nom &amp; Nom Pr\u00e9nom &amp; Nom T\u00e9l\u00e9phone * Email * Votre message Envoyer Si vous \u00eates un humain, ne remplissez pas ce champ.","og_url":"https:\/\/placedurhum.com\/index.php\/contact\/","og_site_name":"Place du rhum","article_publisher":"https:\/\/www.facebook.com\/placedurhum\/?locale=fr_FR","article_modified_time":"2024-06-18T13:46:04+00:00","twitter_card":"summary_large_image","schema":{"@context":"https:\/\/schema.org","@graph":[{"@type":"WebPage","@id":"https:\/\/placedurhum.com\/index.php\/contact\/","url":"https:\/\/placedurhum.com\/index.php\/contact\/","name":"Contact - Place du rhum","isPartOf":{"@id":"https:\/\/placedurhum.com\/#website"},"datePublished":"2024-06-17T08:12:14+00:00","dateModified":"2024-06-18T13:46:04+00:00","breadcrumb":{"@id":"https:\/\/placedurhum.com\/index.php\/contact\/#breadcrumb"},"inLanguage":"en-US","potentialAction":[{"@type":"ReadAction","target":["https:\/\/placedurhum.com\/index.php\/contact\/"]}]},{"@type":"BreadcrumbList","@id":"https:\/\/placedurhum.com\/index.php\/contact\/#breadcrumb","itemListElement":[{"@type":"ListItem","position":1,"name":"Accueil","item":"https:\/\/placedurhum.com\/"},{"@type":"ListItem","position":2,"name":"Contact"}]},{"@type":"WebSite","@id":"https:\/\/placedurhum.com\/#website","url":"https:\/\/placedurhum.com\/","name":"Place du rhum","description":"Cave et bar \u00e0 cocktail","publisher":{"@id":"https:\/\/placedurhum.com\/#organization"},"potentialAction":[{"@type":"SearchAction","target":{"@type":"EntryPoint","urlTemplate":"https:\/\/placedurhum.com\/?s={search_term_string}"},"query-input":{"@type":"PropertyValueSpecification","valueRequired":true,"valueName":"search_term_string"}}],"inLanguage":"en-US"},{"@type":"Organization","@id":"https:\/\/placedurhum.com\/#organization","name":"Place du rhum","url":"https:\/\/placedurhum.com\/","logo":{"@type":"ImageObject","inLanguage":"en-US","@id":"https:\/\/placedurhum.com\/#\/schema\/logo\/image\/","url":"https:\/\/placedurhum.com\/wp-content\/uploads\/2024\/06\/cropped-logo_placedurhum.png","contentUrl":"https:\/\/placedurhum.com\/wp-content\/uploads\/2024\/06\/cropped-logo_placedurhum.png","width":150,"height":140,"caption":"Place du rhum"},"image":{"@id":"https:\/\/placedurhum.com\/#\/schema\/logo\/image\/"},"sameAs":["https:\/\/www.facebook.com\/placedurhum\/?locale=fr_FR","https:\/\/www.instagram.com\/placedurhum\/"]}]}},"_links":{"self":[{"href":"https:\/\/placedurhum.com\/index.php\/wp-json\/wp\/v2\/pages\/80","targetHints":{"allow":["GET"]}}],"collection":[{"href":"https:\/\/placedurhum.com\/index.php\/wp-json\/wp\/v2\/pages"}],"about":[{"href":"https:\/\/placedurhum.com\/index.php\/wp-json\/wp\/v2\/types\/page"}],"author":[{"embeddable":true,"href":"https:\/\/placedurhum.com\/index.php\/wp-json\/wp\/v2\/users\/1"}],"replies":[{"embeddable":true,"href":"https:\/\/placedurhum.com\/index.php\/wp-json\/wp\/v2\/comments?post=80"}],"version-history":[{"count":19,"href":"https:\/\/placedurhum.com\/index.php\/wp-json\/wp\/v2\/pages\/80\/revisions"}],"predecessor-version":[{"id":483,"href":"https:\/\/placedurhum.com\/index.php\/wp-json\/wp\/v2\/pages\/80\/revisions\/483"}],"wp:attachment":[{"href":"https:\/\/placedurhum.com\/index.php\/wp-json\/wp\/v2\/media?parent=80"}],"curies":[{"name":"wp","href":"https:\/\/api.w.org\/{rel}","templated":true}]}}