{"id":302,"date":"2024-06-17T16:23:01","date_gmt":"2024-06-17T14:23:01","guid":{"rendered":"https:\/\/placedurhum.com\/?page_id=302"},"modified":"2024-06-18T16:36:06","modified_gmt":"2024-06-18T14:36:06","slug":"conditions-generales-de-vente","status":"publish","type":"page","link":"https:\/\/placedurhum.com\/index.php\/conditions-generales-de-vente\/","title":{"rendered":"Conditions g\u00e9n\u00e9rales de vente"},"content":{"rendered":"\t\t<div data-elementor-type=\"wp-page\" data-elementor-id=\"302\" class=\"elementor elementor-302\">\n\t\t\t\t<div class=\"elementor-element elementor-element-892f4be e-flex e-con-boxed e-con e-parent\" data-id=\"892f4be\" data-element_type=\"container\" data-e-type=\"container\">\n\t\t\t\t\t<div class=\"e-con-inner\">\n\t\t\t\t<div class=\"elementor-element elementor-element-cb72b24 elementor-widget elementor-widget-heading\" data-id=\"cb72b24\" data-element_type=\"widget\" data-e-type=\"widget\" data-widget_type=\"heading.default\">\n\t\t\t\t<div class=\"elementor-widget-container\">\n\t\t\t\t\t<h1 class=\"elementor-heading-title elementor-size-default\">Conditions G\u00e9n\u00e9rales de Ventes<\/h1>\t\t\t\t<\/div>\n\t\t\t\t<\/div>\n\t\t\t\t\t<\/div>\n\t\t\t\t<\/div>\n\t\t<div class=\"elementor-element elementor-element-c6bdd13 e-flex e-con-boxed e-con e-parent\" data-id=\"c6bdd13\" data-element_type=\"container\" data-e-type=\"container\">\n\t\t\t\t\t<div class=\"e-con-inner\">\n\t\t\t\t<div class=\"elementor-element elementor-element-aeb2cf9 elementor-widget elementor-widget-text-editor\" data-id=\"aeb2cf9\" data-element_type=\"widget\" data-e-type=\"widget\" data-widget_type=\"text-editor.default\">\n\t\t\t\t<div class=\"elementor-widget-container\">\n\t\t\t\t\t\t\t\t\t<div class=\"min-h-[20px] text-message flex flex-col items-start whitespace-pre-wrap break-words [.text-message+&amp;]:mt-5 juice:w-full juice:items-end overflow-x-auto gap-2\" dir=\"auto\" data-message-author-role=\"assistant\" data-message-id=\"51536c76-d065-442a-b0f9-437e42aef89b\"><div class=\"flex w-full flex-col gap-1 juice:empty:hidden juice:first:pt-[3px]\"><div class=\"markdown prose w-full break-words dark:prose-invert light\"><h4>1. Protection des mineurs<\/h4><ul><li>Conform\u00e9ment aux dispositions de l\u2019article L3342-1 du Code de la sant\u00e9 publique, la vente d\u2019alcool est interdite aux mineurs de moins de 18 ans.<\/li><li>La boutique en ligne Place du Rhum est exclusivement r\u00e9serv\u00e9e aux personnes de 18 ans et plus.<\/li><li>En cochant la case appropri\u00e9e sur notre site, vous vous engagez \u00e0 avoir l\u2019\u00e2ge l\u00e9gal requis \u00e0 la date de la commande.<\/li><\/ul><h4>2. Commande<\/h4><ul><li>Nous accordons une grande attention aux informations accompagnant nos produits, cependant notre responsabilit\u00e9 ne saurait \u00eatre engag\u00e9e en cas d\u2019erreur involontaire, et Place du Rhum peut les modifier \u00e0 tout moment.<\/li><li>Toute commande est ferme et d\u00e9finitive et est confirm\u00e9e par Place du Rhum par l\u2019envoi d\u2019un email \u00e0 l\u2019acheteur.<\/li><li>Toute commande sur la boutique en ligne implique l\u2019acceptation sans r\u00e9serve des pr\u00e9sentes Conditions G\u00e9n\u00e9rales de Vente, dont l\u2019acheteur reconna\u00eet avoir pris connaissance avant la passation d\u00e9finitive de sa commande.<\/li><li>Place du Rhum se r\u00e9serve le droit de demander \u00e0 l\u2019acheteur des garanties suppl\u00e9mentaires d\u2019identit\u00e9 et de paiement pour toute commande sup\u00e9rieure \u00e0 3000 \u20ac.<\/li><li>En cas de non-respect des pr\u00e9sentes conditions par l\u2019acheteur, Place du Rhum se r\u00e9serve le droit d\u2019annuler la commande et de suspendre sa livraison.<\/li><\/ul><h4>3. Produits<\/h4><ul><li>Les photos des produits sur le site ne sont pas contractuelles.<\/li><li>Les produits sont livrables dans la limite des stocks disponibles.<\/li><li>En cas de rupture de stock, Place du Rhum proc\u00e8dera au remboursement des sommes vers\u00e9es dans un d\u00e9lai de 14 jours.<\/li><\/ul><h4>4. Prix<\/h4><ul><li>Les prix des produits sont exprim\u00e9s en euros TTC, hors frais de port.<\/li><li>Les produits sont vendus au tarif en vigueur sur le site \u00e0 la date de la commande.<\/li><li>La facture est \u00e9tablie au prix en vigueur lors de l\u2019enregistrement d\u00e9finitif de la commande.<\/li><li>Place du Rhum se r\u00e9serve le droit de modifier les tarifs en vigueur sur son site de vente en ligne \u00e0 tout moment. Le changement tarifaire sera automatiquement applicable \u00e0 la date de la publication de la modification du prix.<\/li><\/ul><h4>5. Paiement<\/h4><ul><li>L\u2019acheteur peut proc\u00e9der au paiement de sa commande par carte bancaire (Carte Bleue, Visa, Mastercard) via le syst\u00e8me s\u00e9curis\u00e9 de la Banque Populaire.<\/li><\/ul><h4>6. Vente \u00e0 l\u2019exportation<\/h4><ul><li>En cas de livraison vers un autre pays que la France m\u00e9tropolitaine, l\u2019acheteur est r\u00e9put\u00e9 \u00eatre l\u2019importateur des produits achet\u00e9s. Tous les imp\u00f4ts locaux, taxes locales, droits de douanes ou autres prestations \u00e0 payer, sont \u00e0 la charge exclusive de l\u2019acheteur.<\/li><li>Il appartient \u00e0 l\u2019acheteur d\u2019effectuer toutes les formalit\u00e9s et d\u2019obtenir toutes les autorisations n\u00e9cessaires \u00e0 l\u2019acquisition des produits aupr\u00e8s des autorit\u00e9s locales et de s\u2019assurer de leur conformit\u00e9 selon les exigences l\u00e9gislatives et r\u00e9glementaires locales.<\/li><li>Pour les achats en dehors de l\u2019Union Europ\u00e9enne, la TVA fran\u00e7aise sera d\u00e9duite au moment o\u00f9 vous indiquerez le code postal de livraison.<\/li><\/ul><h4>7. Droit de r\u00e9tractation<\/h4><ul><li>En application du Code de la Consommation, l\u2019acheteur dispose d\u2019un d\u00e9lai de 14 jours francs \u00e0 compter de la livraison de sa commande pour retourner la marchandise \u00e0 ses frais et sous r\u00e9serve que l\u2019article n\u2019ait pas \u00e9t\u00e9 utilis\u00e9, qu\u2019il soit dans son emballage d\u2019origine et n\u2019ayant subi aucune d\u00e9t\u00e9rioration. Il doit \u00eatre accompagn\u00e9 du bordereau de livraison.<\/li><li>En \u00e9change, l\u2019acheteur b\u00e9n\u00e9ficiera d\u2019un remboursement de la totalit\u00e9 des sommes vers\u00e9es (soit le remboursement du prix d\u2019achat de la marchandise et des frais standards de port s\u2019il en a pay\u00e9).<\/li><li>Le remboursement interviendra sous 30 jours et sera effectu\u00e9 en utilisant le m\u00eame moyen de paiement que celui utilis\u00e9 par l\u2019acheteur au moment de la commande.<\/li><li>L\u2019acheteur s\u2019engage \u00e0 retourner \u00e0 ses frais les produits re\u00e7us au plus tard 14 jours apr\u00e8s la notification de r\u00e9tractation. Celle-ci est effective \u00e0 r\u00e9ception du produit par Place du Rhum.<\/li><li>En cas de non-conformit\u00e9, Place du Rhum prend en charge les frais d\u2019exp\u00e9dition de retour.<\/li><\/ul><h4>8. Modalit\u00e9s de livraison et d\u2019exp\u00e9dition<\/h4><ul><li>Nous nous effor\u00e7ons de raccourcir au mieux nos d\u00e9lais de livraison, mais ceux-ci peuvent varier en fonction du type d\u2019envoi et du lieu de livraison.<\/li><li>Les produits achet\u00e9s seront exp\u00e9di\u00e9s dans un d\u00e9lai moyen de 2 \u00e0 6 jours ouvr\u00e9s en France m\u00e9tropolitaine \u00e0 compter de la date<\/li><\/ul><\/div><\/div><\/div><div class=\"min-h-[20px] text-message flex flex-col items-start whitespace-pre-wrap break-words [.text-message+&amp;]:mt-5 juice:w-full juice:items-end overflow-x-auto gap-2\" dir=\"auto\" data-message-author-role=\"assistant\" data-message-id=\"6e5c8f38-393b-432b-ae99-650d8a6a329e\"><div class=\"flex w-full flex-col gap-1 juice:empty:hidden juice:first:pt-[3px]\"><div class=\"markdown prose w-full break-words dark:prose-invert light\"><p>de validation de la commande.<\/p><ul><li>Sur une m\u00eame commande, les produits command\u00e9s seront livr\u00e9s en une seule fois. En cons\u00e9quence, si la commande comporte un produit avec un d\u00e9lai de livraison particulier, ce d\u00e9lai s\u2019appliquera \u00e0 l\u2019ensemble de la commande.<\/li><li>Place du Rhum s\u2019engage \u00e0 livrer dans un d\u00e9lai maximal de 30 jours. Si ce d\u00e9lai ne peut pas \u00eatre assur\u00e9, l\u2019acheteur sera inform\u00e9 d\u00e8s que possible et pourra annuler sa commande. Il b\u00e9n\u00e9ficiera des clauses de remboursement stipul\u00e9es \u00e0 l\u2019article \u00ab Droit de r\u00e9tractation \u00bb.<\/li><li>Place du Rhum s\u2019engage \u00e0 prendre \u00e0 sa charge les frais de retour uniquement pour une livraison non conforme \u00e0 la commande ou en cas de d\u00e9t\u00e9rioration de la marchandise pendant le transport, \u00e0 condition que les r\u00e8gles d\u2019usage stipul\u00e9es ci-dessous \u00e0 l\u2019article \u00ab Transport et r\u00e8gles d\u2019usage \u00bb aient \u00e9t\u00e9 respect\u00e9es.<\/li><li>Les exp\u00e9ditions passent par La Poste en colissimo. Vous pouvez suivre vos colis avec le num\u00e9ro que nous vous fournissons sur le site de La Poste (<a href=\"https:\/\/www.laposte.fr\/outils\/suivre-vos-envois\" target=\"_new\" rel=\"noreferrer\">https:\/\/www.laposte.fr\/outils\/suivre-vos-envois<\/a>).<\/li><\/ul><h4>9. Frais de livraison et d\u2019exp\u00e9dition<\/h4><ul><li>Frais de port pour la France :<ul><li>1 bouteille : 10 \u20ac<\/li><li>2 bouteilles : 15 \u20ac<\/li><li>3 bouteilles : 20 \u20ac<\/li><li>Gratuit au-dessus de 140 \u20ac<\/li><\/ul><\/li><li>Frais de port pour le reste de l&#8217;Europe :<ul><li>1 bouteille : 15 \u20ac<\/li><li>2 bouteilles : 20 \u20ac<\/li><li>3 bouteilles : 25 \u20ac<\/li><li>De 4 \u00e0 6 bouteilles : 30 \u20ac<\/li><li>De 7 \u00e0 8 bouteilles : 40 \u20ac<\/li><li>Plus de 8 bouteilles : nous contacter.<\/li><\/ul><\/li><li>PAS DE LIVRAISON POSSIBLE AU ROYAUME-UNI JUSQU\u2019A NOUVEL ORDRE.<\/li><li>Pour les DOM (Atlantique + Saint-Martin + Saint-Pierre-et-Miquelon) :<ul><li>1 bouteille : 25 \u20ac<\/li><li>2 bouteilles : 35 \u20ac<\/li><li>3 bouteilles : 40 \u20ac<\/li><li>5 \u20ac par bouteille suppl\u00e9mentaire<\/li><li>Plus de 8 bouteilles : nous contacter.<\/li><\/ul><\/li><li>Pour le reste du monde et les TOM :<ul><li>1 bouteille : 50 \u20ac<\/li><li>30 \u20ac par bouteille suppl\u00e9mentaire<\/li><li>Plus de 8 bouteilles : nous contacter.<\/li><\/ul><\/li><li>Un magnum repr\u00e9sente 2 bouteilles.<\/li><li>Nous ne livrons pas au Canada et aux \u00c9tats-Unis.<\/li><\/ul><h4>10. Transport et r\u00e8gles d\u2019usage<\/h4><ul><li>Les marchandises command\u00e9es voyagent aux risques et p\u00e9rils de Place du Rhum. Le transfert de risque de perte ou de d\u00e9t\u00e9rioration des produits sera effectif d\u00e8s lors que le client ou son repr\u00e9sentant aura sign\u00e9 le bon de livraison.<\/li><li>Il est donc important de contr\u00f4ler le contenu et l\u2019\u00e9tat du colis au moment de la livraison et de formuler les r\u00e9serves n\u00e9cessaires.<\/li><li>Apr\u00e8s signature du bon de livraison, la responsabilit\u00e9 de Place du Rhum ne pourra pas \u00eatre engag\u00e9e si les r\u00e8gles d\u2019usage n\u2019ont pas \u00e9t\u00e9 observ\u00e9es, \u00e0 savoir : \u00ab La responsabilit\u00e9 du transporteur n\u2019est engag\u00e9e que si des r\u00e9serves pr\u00e9cises et compl\u00e8tes ont \u00e9t\u00e9 formul\u00e9es par \u00e9crit, sur l\u2019exemplaire de la lettre de voiture pr\u00e9sent\u00e9e par le livreur, pour recevoir d\u00e9charge du destinataire et confirm\u00e9es au transporteur nomm\u00e9ment d\u00e9sign\u00e9 sur la lettre de voiture, dans les trois jours de la r\u00e9ception, par lettre recommand\u00e9e \u00bb.<\/li><\/ul><h4>11. Confidentialit\u00e9<\/h4><ul><li>Conform\u00e9ment aux dispositions de la loi Informatique et Libert\u00e9 du 6 janvier 1978, vous disposez d\u2019un droit d\u2019acc\u00e8s, de modification, de rectification et de suppression des informations nominatives vous concernant et conserv\u00e9es par Place du Rhum.<\/li><li>Place du Rhum garantit l\u2019usage strictement interne de ces informations. L\u2019utilisation de vos coordonn\u00e9es aupr\u00e8s des partenaires ou prestataires ne peut avoir lieu sans votre accord explicite.<\/li><\/ul><h4>Adresse d\u2019exp\u00e9dition :<\/h4><p>Place du Rhum, 32 Rue Sade, 06600 Antibes, France<\/p><\/div><\/div><\/div>\t\t\t\t\t\t\t\t<\/div>\n\t\t\t\t<\/div>\n\t\t\t\t\t<\/div>\n\t\t\t\t<\/div>\n\t\t\t\t<\/div>\n\t\t","protected":false},"excerpt":{"rendered":"<p>Conditions G\u00e9n\u00e9rales de Ventes 1. Protection des mineurs Conform\u00e9ment aux dispositions de l\u2019article L3342-1 du Code de la sant\u00e9 publique, la vente d\u2019alcool est interdite aux mineurs de moins de 18 ans. La boutique en ligne Place du Rhum est exclusivement r\u00e9serv\u00e9e aux personnes de 18 ans et plus. En cochant la case appropri\u00e9e sur [&hellip;]<\/p>\n","protected":false},"author":1,"featured_media":0,"parent":0,"menu_order":0,"comment_status":"closed","ping_status":"closed","template":"","meta":{"footnotes":""},"class_list":["post-302","page","type-page","status-publish","hentry","entry","owp-thumbs-layout-horizontal","owp-btn-normal","owp-tabs-layout-horizontal","has-no-thumbnails","circle-sale"],"yoast_head":"<!-- This site is optimized with the Yoast SEO plugin v23.6 - https:\/\/yoast.com\/wordpress\/plugins\/seo\/ -->\n<title>Conditions g\u00e9n\u00e9rales de vente - Place du rhum<\/title>\n<meta name=\"robots\" content=\"index, follow, max-snippet:-1, max-image-preview:large, max-video-preview:-1\" \/>\n<link rel=\"canonical\" href=\"https:\/\/placedurhum.com\/index.php\/conditions-generales-de-vente\/\" \/>\n<meta property=\"og:locale\" content=\"en_US\" \/>\n<meta property=\"og:type\" content=\"article\" \/>\n<meta property=\"og:title\" content=\"Conditions g\u00e9n\u00e9rales de vente - Place du rhum\" \/>\n<meta property=\"og:description\" content=\"Conditions G\u00e9n\u00e9rales de Ventes 1. Protection des mineurs Conform\u00e9ment aux dispositions de l\u2019article L3342-1 du Code de la sant\u00e9 publique, la vente d\u2019alcool est interdite aux mineurs de moins de 18 ans. La boutique en ligne Place du Rhum est exclusivement r\u00e9serv\u00e9e aux personnes de 18 ans et plus. En cochant la case appropri\u00e9e sur [&hellip;]\" \/>\n<meta property=\"og:url\" content=\"https:\/\/placedurhum.com\/index.php\/conditions-generales-de-vente\/\" \/>\n<meta property=\"og:site_name\" content=\"Place du rhum\" \/>\n<meta property=\"article:publisher\" content=\"https:\/\/www.facebook.com\/placedurhum\/?locale=fr_FR\" \/>\n<meta property=\"article:modified_time\" content=\"2024-06-18T14:36:06+00:00\" \/>\n<meta name=\"twitter:card\" content=\"summary_large_image\" \/>\n<meta name=\"twitter:label1\" content=\"Est. reading time\" \/>\n\t<meta name=\"twitter:data1\" content=\"6 minutes\" \/>\n<script type=\"application\/ld+json\" class=\"yoast-schema-graph\">{\"@context\":\"https:\/\/schema.org\",\"@graph\":[{\"@type\":\"WebPage\",\"@id\":\"https:\/\/placedurhum.com\/index.php\/conditions-generales-de-vente\/\",\"url\":\"https:\/\/placedurhum.com\/index.php\/conditions-generales-de-vente\/\",\"name\":\"Conditions g\u00e9n\u00e9rales de vente - Place du rhum\",\"isPartOf\":{\"@id\":\"https:\/\/placedurhum.com\/#website\"},\"datePublished\":\"2024-06-17T14:23:01+00:00\",\"dateModified\":\"2024-06-18T14:36:06+00:00\",\"breadcrumb\":{\"@id\":\"https:\/\/placedurhum.com\/index.php\/conditions-generales-de-vente\/#breadcrumb\"},\"inLanguage\":\"en-US\",\"potentialAction\":[{\"@type\":\"ReadAction\",\"target\":[\"https:\/\/placedurhum.com\/index.php\/conditions-generales-de-vente\/\"]}]},{\"@type\":\"BreadcrumbList\",\"@id\":\"https:\/\/placedurhum.com\/index.php\/conditions-generales-de-vente\/#breadcrumb\",\"itemListElement\":[{\"@type\":\"ListItem\",\"position\":1,\"name\":\"Accueil\",\"item\":\"https:\/\/placedurhum.com\/\"},{\"@type\":\"ListItem\",\"position\":2,\"name\":\"Conditions g\u00e9n\u00e9rales de vente\"}]},{\"@type\":\"WebSite\",\"@id\":\"https:\/\/placedurhum.com\/#website\",\"url\":\"https:\/\/placedurhum.com\/\",\"name\":\"Place du rhum\",\"description\":\"Cave et bar \u00e0 cocktail\",\"publisher\":{\"@id\":\"https:\/\/placedurhum.com\/#organization\"},\"potentialAction\":[{\"@type\":\"SearchAction\",\"target\":{\"@type\":\"EntryPoint\",\"urlTemplate\":\"https:\/\/placedurhum.com\/?s={search_term_string}\"},\"query-input\":{\"@type\":\"PropertyValueSpecification\",\"valueRequired\":true,\"valueName\":\"search_term_string\"}}],\"inLanguage\":\"en-US\"},{\"@type\":\"Organization\",\"@id\":\"https:\/\/placedurhum.com\/#organization\",\"name\":\"Place du rhum\",\"url\":\"https:\/\/placedurhum.com\/\",\"logo\":{\"@type\":\"ImageObject\",\"inLanguage\":\"en-US\",\"@id\":\"https:\/\/placedurhum.com\/#\/schema\/logo\/image\/\",\"url\":\"https:\/\/placedurhum.com\/wp-content\/uploads\/2024\/06\/cropped-logo_placedurhum.png\",\"contentUrl\":\"https:\/\/placedurhum.com\/wp-content\/uploads\/2024\/06\/cropped-logo_placedurhum.png\",\"width\":150,\"height\":140,\"caption\":\"Place du rhum\"},\"image\":{\"@id\":\"https:\/\/placedurhum.com\/#\/schema\/logo\/image\/\"},\"sameAs\":[\"https:\/\/www.facebook.com\/placedurhum\/?locale=fr_FR\",\"https:\/\/www.instagram.com\/placedurhum\/\"]}]}<\/script>\n<!-- \/ Yoast SEO plugin. -->","yoast_head_json":{"title":"Conditions g\u00e9n\u00e9rales de vente - Place du rhum","robots":{"index":"index","follow":"follow","max-snippet":"max-snippet:-1","max-image-preview":"max-image-preview:large","max-video-preview":"max-video-preview:-1"},"canonical":"https:\/\/placedurhum.com\/index.php\/conditions-generales-de-vente\/","og_locale":"en_US","og_type":"article","og_title":"Conditions g\u00e9n\u00e9rales de vente - Place du rhum","og_description":"Conditions G\u00e9n\u00e9rales de Ventes 1. Protection des mineurs Conform\u00e9ment aux dispositions de l\u2019article L3342-1 du Code de la sant\u00e9 publique, la vente d\u2019alcool est interdite aux mineurs de moins de 18 ans. La boutique en ligne Place du Rhum est exclusivement r\u00e9serv\u00e9e aux personnes de 18 ans et plus. En cochant la case appropri\u00e9e sur [&hellip;]","og_url":"https:\/\/placedurhum.com\/index.php\/conditions-generales-de-vente\/","og_site_name":"Place du rhum","article_publisher":"https:\/\/www.facebook.com\/placedurhum\/?locale=fr_FR","article_modified_time":"2024-06-18T14:36:06+00:00","twitter_card":"summary_large_image","twitter_misc":{"Est. reading time":"6 minutes"},"schema":{"@context":"https:\/\/schema.org","@graph":[{"@type":"WebPage","@id":"https:\/\/placedurhum.com\/index.php\/conditions-generales-de-vente\/","url":"https:\/\/placedurhum.com\/index.php\/conditions-generales-de-vente\/","name":"Conditions g\u00e9n\u00e9rales de vente - Place du rhum","isPartOf":{"@id":"https:\/\/placedurhum.com\/#website"},"datePublished":"2024-06-17T14:23:01+00:00","dateModified":"2024-06-18T14:36:06+00:00","breadcrumb":{"@id":"https:\/\/placedurhum.com\/index.php\/conditions-generales-de-vente\/#breadcrumb"},"inLanguage":"en-US","potentialAction":[{"@type":"ReadAction","target":["https:\/\/placedurhum.com\/index.php\/conditions-generales-de-vente\/"]}]},{"@type":"BreadcrumbList","@id":"https:\/\/placedurhum.com\/index.php\/conditions-generales-de-vente\/#breadcrumb","itemListElement":[{"@type":"ListItem","position":1,"name":"Accueil","item":"https:\/\/placedurhum.com\/"},{"@type":"ListItem","position":2,"name":"Conditions g\u00e9n\u00e9rales de vente"}]},{"@type":"WebSite","@id":"https:\/\/placedurhum.com\/#website","url":"https:\/\/placedurhum.com\/","name":"Place du rhum","description":"Cave et bar \u00e0 cocktail","publisher":{"@id":"https:\/\/placedurhum.com\/#organization"},"potentialAction":[{"@type":"SearchAction","target":{"@type":"EntryPoint","urlTemplate":"https:\/\/placedurhum.com\/?s={search_term_string}"},"query-input":{"@type":"PropertyValueSpecification","valueRequired":true,"valueName":"search_term_string"}}],"inLanguage":"en-US"},{"@type":"Organization","@id":"https:\/\/placedurhum.com\/#organization","name":"Place du rhum","url":"https:\/\/placedurhum.com\/","logo":{"@type":"ImageObject","inLanguage":"en-US","@id":"https:\/\/placedurhum.com\/#\/schema\/logo\/image\/","url":"https:\/\/placedurhum.com\/wp-content\/uploads\/2024\/06\/cropped-logo_placedurhum.png","contentUrl":"https:\/\/placedurhum.com\/wp-content\/uploads\/2024\/06\/cropped-logo_placedurhum.png","width":150,"height":140,"caption":"Place du rhum"},"image":{"@id":"https:\/\/placedurhum.com\/#\/schema\/logo\/image\/"},"sameAs":["https:\/\/www.facebook.com\/placedurhum\/?locale=fr_FR","https:\/\/www.instagram.com\/placedurhum\/"]}]}},"_links":{"self":[{"href":"https:\/\/placedurhum.com\/index.php\/wp-json\/wp\/v2\/pages\/302","targetHints":{"allow":["GET"]}}],"collection":[{"href":"https:\/\/placedurhum.com\/index.php\/wp-json\/wp\/v2\/pages"}],"about":[{"href":"https:\/\/placedurhum.com\/index.php\/wp-json\/wp\/v2\/types\/page"}],"author":[{"embeddable":true,"href":"https:\/\/placedurhum.com\/index.php\/wp-json\/wp\/v2\/users\/1"}],"replies":[{"embeddable":true,"href":"https:\/\/placedurhum.com\/index.php\/wp-json\/wp\/v2\/comments?post=302"}],"version-history":[{"count":7,"href":"https:\/\/placedurhum.com\/index.php\/wp-json\/wp\/v2\/pages\/302\/revisions"}],"predecessor-version":[{"id":512,"href":"https:\/\/placedurhum.com\/index.php\/wp-json\/wp\/v2\/pages\/302\/revisions\/512"}],"wp:attachment":[{"href":"https:\/\/placedurhum.com\/index.php\/wp-json\/wp\/v2\/media?parent=302"}],"curies":[{"name":"wp","href":"https:\/\/api.w.org\/{rel}","templated":true}]}}