{"id":11,"date":"2024-06-14T16:40:37","date_gmt":"2024-06-14T14:40:37","guid":{"rendered":"https:\/\/placedurhum.com\/?page_id=11"},"modified":"2024-10-27T21:32:41","modified_gmt":"2024-10-27T20:32:41","slug":"accueil","status":"publish","type":"page","link":"https:\/\/placedurhum.com\/","title":{"rendered":"Place du rhum Antibes"},"content":{"rendered":"\t\t<div data-elementor-type=\"wp-page\" data-elementor-id=\"11\" class=\"elementor elementor-11\">\n\t\t\t\t<div class=\"elementor-element elementor-element-899de75 e-con-full e-flex e-con e-parent\" data-id=\"899de75\" data-element_type=\"container\" data-e-type=\"container\" data-settings=\"{&quot;background_background&quot;:&quot;classic&quot;}\">\n\t\t<div class=\"elementor-element elementor-element-a1d3951 e-con-full e-flex e-con e-child\" data-id=\"a1d3951\" data-element_type=\"container\" data-e-type=\"container\" data-settings=\"{&quot;background_background&quot;:&quot;classic&quot;}\">\n\t\t\t\t<div class=\"elementor-element elementor-element-a6cb69c elementor-invisible elementor-widget elementor-widget-image\" data-id=\"a6cb69c\" data-element_type=\"widget\" data-e-type=\"widget\" data-settings=\"{&quot;_animation&quot;:&quot;fadeInDown&quot;}\" data-widget_type=\"image.default\">\n\t\t\t\t<div class=\"elementor-widget-container\">\n\t\t\t\t\t\t\t\t\t\t\t\t\t\t\t<img fetchpriority=\"high\" decoding=\"async\" width=\"1024\" height=\"857\" src=\"https:\/\/placedurhum.com\/wp-content\/uploads\/2024\/06\/LOGO-SIMPLIFIE_blanc-transparent-1024x857.png\" class=\"attachment-large size-large wp-image-414\" alt=\"\" srcset=\"https:\/\/placedurhum.com\/wp-content\/uploads\/2024\/06\/LOGO-SIMPLIFIE_blanc-transparent-1024x857.png 1024w, https:\/\/placedurhum.com\/wp-content\/uploads\/2024\/06\/LOGO-SIMPLIFIE_blanc-transparent-300x251.png 300w, https:\/\/placedurhum.com\/wp-content\/uploads\/2024\/06\/LOGO-SIMPLIFIE_blanc-transparent-768x643.png 768w, https:\/\/placedurhum.com\/wp-content\/uploads\/2024\/06\/LOGO-SIMPLIFIE_blanc-transparent-600x502.png 600w, https:\/\/placedurhum.com\/wp-content\/uploads\/2024\/06\/LOGO-SIMPLIFIE_blanc-transparent.png 1080w\" sizes=\"(max-width: 1024px) 100vw, 1024px\" \/>\t\t\t\t\t\t\t\t\t\t\t\t\t\t\t<\/div>\n\t\t\t\t<\/div>\n\t\t\t\t<div class=\"elementor-element elementor-element-050a7e6 elementor-invisible elementor-widget elementor-widget-heading\" data-id=\"050a7e6\" data-element_type=\"widget\" data-e-type=\"widget\" data-settings=\"{&quot;_animation&quot;:&quot;fadeInLeft&quot;,&quot;_animation_delay&quot;:1}\" data-widget_type=\"heading.default\">\n\t\t\t\t<div class=\"elementor-widget-container\">\n\t\t\t\t\t<h1 class=\"elementor-heading-title elementor-size-default\">Cave &amp; Bar \u00e0 cocktail<\/h1>\t\t\t\t<\/div>\n\t\t\t\t<\/div>\n\t\t\t\t<\/div>\n\t\t\t\t<\/div>\n\t\t<div class=\"elementor-element elementor-element-71fcfb8 e-flex e-con-boxed e-con e-parent\" data-id=\"71fcfb8\" data-element_type=\"container\" data-e-type=\"container\">\n\t\t\t\t\t<div class=\"e-con-inner\">\n\t\t<div class=\"elementor-element elementor-element-d1799d9 e-con-full e-flex elementor-invisible e-con e-child\" data-id=\"d1799d9\" data-element_type=\"container\" data-e-type=\"container\" data-settings=\"{&quot;background_background&quot;:&quot;classic&quot;,&quot;animation&quot;:&quot;fadeInLeft&quot;}\">\n\t\t\t\t<div class=\"elementor-element elementor-element-0d64dd3 elementor-widget elementor-widget-heading\" data-id=\"0d64dd3\" data-element_type=\"widget\" data-e-type=\"widget\" data-widget_type=\"heading.default\">\n\t\t\t\t<div class=\"elementor-widget-container\">\n\t\t\t\t\t<h1 class=\"elementor-heading-title elementor-size-default\">Bienvenue \u00e0 \"Place du Rhum\" Antibes<\/h1>\t\t\t\t<\/div>\n\t\t\t\t<\/div>\n\t\t\t\t<div class=\"elementor-element elementor-element-2dea4c0 elementor-widget elementor-widget-text-editor\" data-id=\"2dea4c0\" data-element_type=\"widget\" data-e-type=\"widget\" data-widget_type=\"text-editor.default\">\n\t\t\t\t<div class=\"elementor-widget-container\">\n\t\t\t\t\t\t\t\t\t<p>Situ\u00e9e au c\u0153ur de la place nationale dans la vieille ville d&#8217;Antibes, notre boutique est la seule cave \u00e0 rhum entre l&#8217;Italie et Marseille. D\u00e9couvrez plus de 200 vari\u00e9t\u00e9s de rhums, incluant : Rhum Agricole, Rhum de M\u00e9lasse, Rhum Blanc, Rhums d&#8217;Exception et Rares.<\/p><p>\u00a0<\/p><h5><strong>Notre Bar \u00e0 Cocktails<\/strong><\/h5><p>D\u00e9gustez nos cocktails uniques \u00e0 base de rhum dans notre bar. Chaque cocktail est con\u00e7u pour mettre en valeur la diversit\u00e9 de notre collection.<\/p><p>\u00a0<\/p><h5><strong>Venez Nous Voir !<\/strong><\/h5><p>Nous vous accueillons avec plaisir pour d\u00e9couvrir notre passion du rhum et profiter de nos conseils d&#8217;experts.<\/p>\t\t\t\t\t\t\t\t<\/div>\n\t\t\t\t<\/div>\n\t\t\t\t<\/div>\n\t\t<div class=\"elementor-element elementor-element-1bd42a6 e-con-full e-flex elementor-invisible e-con e-child\" data-id=\"1bd42a6\" data-element_type=\"container\" data-e-type=\"container\" data-settings=\"{&quot;animation&quot;:&quot;fadeInRight&quot;}\">\n\t\t\t\t<div class=\"elementor-element elementor-element-4dcc855 elementor-widget elementor-widget-image-carousel\" data-id=\"4dcc855\" data-element_type=\"widget\" data-e-type=\"widget\" data-settings=\"{&quot;slides_to_show&quot;:&quot;1&quot;,&quot;navigation&quot;:&quot;none&quot;,&quot;autoplay_speed&quot;:3000,&quot;autoplay&quot;:&quot;yes&quot;,&quot;pause_on_hover&quot;:&quot;yes&quot;,&quot;pause_on_interaction&quot;:&quot;yes&quot;,&quot;infinite&quot;:&quot;yes&quot;,&quot;effect&quot;:&quot;slide&quot;,&quot;speed&quot;:500}\" data-widget_type=\"image-carousel.default\">\n\t\t\t\t<div class=\"elementor-widget-container\">\n\t\t\t\t\t\t\t<div class=\"elementor-image-carousel-wrapper swiper\" role=\"region\" aria-roledescription=\"carousel\" aria-label=\"Image Carousel\" dir=\"ltr\">\n\t\t\t<div class=\"elementor-image-carousel swiper-wrapper\" aria-live=\"off\">\n\t\t\t\t\t\t\t\t<div class=\"swiper-slide\" role=\"group\" aria-roledescription=\"slide\" aria-label=\"1 of 3\"><figure class=\"swiper-slide-inner\"><img decoding=\"async\" class=\"swiper-slide-image\" src=\"https:\/\/placedurhum.com\/wp-content\/uploads\/2024\/06\/432284009_18038828743692668_2839371456282810310_n.jpg\" alt=\"Devanture magasin\" \/><\/figure><\/div><div class=\"swiper-slide\" role=\"group\" aria-roledescription=\"slide\" aria-label=\"2 of 3\"><figure class=\"swiper-slide-inner\"><img decoding=\"async\" class=\"swiper-slide-image\" src=\"https:\/\/placedurhum.com\/wp-content\/uploads\/2024\/06\/432440649_18038828752692668_6802281711914466069_n.jpg\" alt=\"432440649_18038828752692668_6802281711914466069_n\" \/><\/figure><\/div><div class=\"swiper-slide\" role=\"group\" aria-roledescription=\"slide\" aria-label=\"3 of 3\"><figure class=\"swiper-slide-inner\"><img decoding=\"async\" class=\"swiper-slide-image\" src=\"https:\/\/placedurhum.com\/wp-content\/uploads\/2024\/06\/432472967_18038828770692668_2804483408957385835_n.jpg\" alt=\"432472967_18038828770692668_2804483408957385835_n\" \/><\/figure><\/div>\t\t\t<\/div>\n\t\t\t\t\t\t\t\n\t\t\t\t\t\t\t\t\t<\/div>\n\t\t\t\t\t\t<\/div>\n\t\t\t\t<\/div>\n\t\t\t\t<\/div>\n\t\t\t\t\t<\/div>\n\t\t\t\t<\/div>\n\t\t<div class=\"elementor-element elementor-element-a0e969f e-con-full animated-slow e-flex elementor-invisible e-con e-parent\" data-id=\"a0e969f\" data-element_type=\"container\" data-e-type=\"container\" data-settings=\"{&quot;background_background&quot;:&quot;classic&quot;,&quot;animation&quot;:&quot;fadeInUp&quot;}\">\n\t\t<div class=\"elementor-element elementor-element-c9fecee e-con-full e-flex e-con e-child\" data-id=\"c9fecee\" data-element_type=\"container\" data-e-type=\"container\">\n\t\t\t\t<div class=\"elementor-element elementor-element-569711e elementor-widget elementor-widget-image-carousel\" data-id=\"569711e\" data-element_type=\"widget\" data-e-type=\"widget\" data-settings=\"{&quot;slides_to_show&quot;:&quot;3&quot;,&quot;navigation&quot;:&quot;none&quot;,&quot;autoplay&quot;:&quot;yes&quot;,&quot;pause_on_hover&quot;:&quot;yes&quot;,&quot;pause_on_interaction&quot;:&quot;yes&quot;,&quot;autoplay_speed&quot;:5000,&quot;infinite&quot;:&quot;yes&quot;,&quot;speed&quot;:500,&quot;image_spacing_custom&quot;:{&quot;unit&quot;:&quot;px&quot;,&quot;size&quot;:20,&quot;sizes&quot;:[]},&quot;image_spacing_custom_tablet&quot;:{&quot;unit&quot;:&quot;px&quot;,&quot;size&quot;:&quot;&quot;,&quot;sizes&quot;:[]},&quot;image_spacing_custom_mobile&quot;:{&quot;unit&quot;:&quot;px&quot;,&quot;size&quot;:&quot;&quot;,&quot;sizes&quot;:[]}}\" data-widget_type=\"image-carousel.default\">\n\t\t\t\t<div class=\"elementor-widget-container\">\n\t\t\t\t\t\t\t<div class=\"elementor-image-carousel-wrapper swiper\" role=\"region\" aria-roledescription=\"carousel\" aria-label=\"Image Carousel\" dir=\"ltr\">\n\t\t\t<div class=\"elementor-image-carousel swiper-wrapper\" aria-live=\"off\">\n\t\t\t\t\t\t\t\t<div class=\"swiper-slide\" role=\"group\" aria-roledescription=\"slide\" aria-label=\"1 of 5\"><figure class=\"swiper-slide-inner\"><img decoding=\"async\" class=\"swiper-slide-image\" src=\"https:\/\/placedurhum.com\/wp-content\/uploads\/2024\/06\/1.jpg\" alt=\"1\" \/><\/figure><\/div><div class=\"swiper-slide\" role=\"group\" aria-roledescription=\"slide\" aria-label=\"2 of 5\"><figure class=\"swiper-slide-inner\"><img decoding=\"async\" class=\"swiper-slide-image\" src=\"https:\/\/placedurhum.com\/wp-content\/uploads\/2024\/06\/2.jpg\" alt=\"2\" \/><\/figure><\/div><div class=\"swiper-slide\" role=\"group\" aria-roledescription=\"slide\" aria-label=\"3 of 5\"><figure class=\"swiper-slide-inner\"><img decoding=\"async\" class=\"swiper-slide-image\" src=\"https:\/\/placedurhum.com\/wp-content\/uploads\/2024\/06\/3.jpg\" alt=\"3\" \/><\/figure><\/div><div class=\"swiper-slide\" role=\"group\" aria-roledescription=\"slide\" aria-label=\"4 of 5\"><figure class=\"swiper-slide-inner\"><img decoding=\"async\" class=\"swiper-slide-image\" src=\"https:\/\/placedurhum.com\/wp-content\/uploads\/2024\/06\/5.jpg\" alt=\"5\" \/><\/figure><\/div><div class=\"swiper-slide\" role=\"group\" aria-roledescription=\"slide\" aria-label=\"5 of 5\"><figure class=\"swiper-slide-inner\"><img decoding=\"async\" class=\"swiper-slide-image\" src=\"https:\/\/placedurhum.com\/wp-content\/uploads\/2024\/06\/1.png\" alt=\"\" \/><\/figure><\/div>\t\t\t<\/div>\n\t\t\t\t\t\t\t\n\t\t\t\t\t\t\t\t\t<\/div>\n\t\t\t\t\t\t<\/div>\n\t\t\t\t<\/div>\n\t\t\t\t<\/div>\n\t\t<div class=\"elementor-element elementor-element-2b52eb6 e-con-full e-flex e-con e-child\" data-id=\"2b52eb6\" data-element_type=\"container\" data-e-type=\"container\">\n\t\t\t\t<div class=\"elementor-element elementor-element-bc45fa9 elementor-widget elementor-widget-heading\" data-id=\"bc45fa9\" data-element_type=\"widget\" data-e-type=\"widget\" data-widget_type=\"heading.default\">\n\t\t\t\t<div class=\"elementor-widget-container\">\n\t\t\t\t\t<h2 class=\"elementor-heading-title elementor-size-default\">D\u00e9couvrez notre boutique en ligne !<\/h2>\t\t\t\t<\/div>\n\t\t\t\t<\/div>\n\t\t\t\t<div class=\"elementor-element elementor-element-3ca41d1 elementor-widget elementor-widget-text-editor\" data-id=\"3ca41d1\" data-element_type=\"widget\" data-e-type=\"widget\" data-widget_type=\"text-editor.default\">\n\t\t\t\t<div class=\"elementor-widget-container\">\n\t\t\t\t\t\t\t\t\t<p>Nous avons selectionn\u00e9 les rhums que nous aimons et que nous voudrions partager avec vous.<\/p>\t\t\t\t\t\t\t\t<\/div>\n\t\t\t\t<\/div>\n\t\t\t\t<div class=\"elementor-element elementor-element-51424ca elementor-widget elementor-widget-button\" data-id=\"51424ca\" data-element_type=\"widget\" data-e-type=\"widget\" data-widget_type=\"button.default\">\n\t\t\t\t<div class=\"elementor-widget-container\">\n\t\t\t\t\t\t\t\t\t<div class=\"elementor-button-wrapper\">\n\t\t\t\t\t<a class=\"elementor-button elementor-button-link elementor-size-sm\" href=\"https:\/\/placedurhum.com\/index.php\/boutique\/\">\n\t\t\t\t\t\t<span class=\"elementor-button-content-wrapper\">\n\t\t\t\t\t\t\t\t\t<span class=\"elementor-button-text\">D\u00e9couvrir la boutique<\/span>\n\t\t\t\t\t<\/span>\n\t\t\t\t\t<\/a>\n\t\t\t\t<\/div>\n\t\t\t\t\t\t\t\t<\/div>\n\t\t\t\t<\/div>\n\t\t\t\t<\/div>\n\t\t\t\t<\/div>\n\t\t\t\t<\/div>\n\t\t","protected":false},"excerpt":{"rendered":"<p>Cave &#038; Bar \u00e0 cocktail Bienvenue \u00e0 la &#8220;Place du Rhum&#8221; Situ\u00e9e au c\u0153ur de la place nationale dans la vieille ville d&#8217;Antibes, notre boutique est la seule cave \u00e0 rhum entre l&#8217;Italie et Marseille. D\u00e9couvrez plus de 200 vari\u00e9t\u00e9s de rhums, incluant : Rhum Agricole, Rhum de M\u00e9lasse, Rhum Blanc, Rhums d&#8217;Exception et Rares. [&hellip;]<\/p>\n","protected":false},"author":1,"featured_media":0,"parent":0,"menu_order":0,"comment_status":"closed","ping_status":"closed","template":"","meta":{"footnotes":""},"class_list":["post-11","page","type-page","status-publish","hentry","entry","owp-thumbs-layout-horizontal","owp-btn-normal","owp-tabs-layout-horizontal","has-no-thumbnails","circle-sale"],"yoast_head":"<!-- This site is optimized with the Yoast SEO plugin v23.6 - https:\/\/yoast.com\/wordpress\/plugins\/seo\/ -->\n<title>Place du rhum Antibes - Place du rhum<\/title>\n<meta name=\"description\" content=\"D\u00e9couvrez une s\u00e9lection exceptionnelle de rhums rares et prestigieux sur Place du Rhum. Explorez des mill\u00e9simes d\u2019exception, des rhums vieux et des \u00e9ditions limit\u00e9es, parfaits pour les amateurs et collectionneurs.\" \/>\n<meta name=\"robots\" content=\"index, follow, max-snippet:-1, max-image-preview:large, max-video-preview:-1\" \/>\n<link rel=\"canonical\" href=\"https:\/\/placedurhum.com\/\" \/>\n<meta property=\"og:locale\" content=\"en_US\" \/>\n<meta property=\"og:type\" content=\"article\" \/>\n<meta property=\"og:title\" content=\"Place du rhum Antibes - Place du rhum\" \/>\n<meta property=\"og:description\" content=\"D\u00e9couvrez une s\u00e9lection exceptionnelle de rhums rares et prestigieux sur Place du Rhum. Explorez des mill\u00e9simes d\u2019exception, des rhums vieux et des \u00e9ditions limit\u00e9es, parfaits pour les amateurs et collectionneurs.\" \/>\n<meta property=\"og:url\" content=\"https:\/\/placedurhum.com\/\" \/>\n<meta property=\"og:site_name\" content=\"Place du rhum\" \/>\n<meta property=\"article:publisher\" content=\"https:\/\/www.facebook.com\/placedurhum\/?locale=fr_FR\" \/>\n<meta property=\"article:modified_time\" content=\"2024-10-27T20:32:41+00:00\" \/>\n<meta property=\"og:image\" content=\"http:\/\/placedurhum.com\/wp-content\/uploads\/2024\/06\/LOGO-SIMPLIFIE_blanc-transparent-1024x857.png\" \/>\n<meta name=\"twitter:card\" content=\"summary_large_image\" \/>\n<meta name=\"twitter:label1\" content=\"Est. reading time\" \/>\n\t<meta name=\"twitter:data1\" content=\"3 minutes\" \/>\n<script type=\"application\/ld+json\" class=\"yoast-schema-graph\">{\"@context\":\"https:\/\/schema.org\",\"@graph\":[{\"@type\":\"WebPage\",\"@id\":\"https:\/\/placedurhum.com\/\",\"url\":\"https:\/\/placedurhum.com\/\",\"name\":\"Place du rhum Antibes - Place du rhum\",\"isPartOf\":{\"@id\":\"https:\/\/placedurhum.com\/#website\"},\"primaryImageOfPage\":{\"@id\":\"https:\/\/placedurhum.com\/#primaryimage\"},\"image\":{\"@id\":\"https:\/\/placedurhum.com\/#primaryimage\"},\"thumbnailUrl\":\"http:\/\/placedurhum.com\/wp-content\/uploads\/2024\/06\/LOGO-SIMPLIFIE_blanc-transparent-1024x857.png\",\"datePublished\":\"2024-06-14T14:40:37+00:00\",\"dateModified\":\"2024-10-27T20:32:41+00:00\",\"description\":\"D\u00e9couvrez une s\u00e9lection exceptionnelle de rhums rares et prestigieux sur Place du Rhum. Explorez des mill\u00e9simes d\u2019exception, des rhums vieux et des \u00e9ditions limit\u00e9es, parfaits pour les amateurs et collectionneurs.\",\"breadcrumb\":{\"@id\":\"https:\/\/placedurhum.com\/#breadcrumb\"},\"inLanguage\":\"en-US\",\"potentialAction\":[{\"@type\":\"ReadAction\",\"target\":[\"https:\/\/placedurhum.com\/\"]}]},{\"@type\":\"ImageObject\",\"inLanguage\":\"en-US\",\"@id\":\"https:\/\/placedurhum.com\/#primaryimage\",\"url\":\"http:\/\/placedurhum.com\/wp-content\/uploads\/2024\/06\/LOGO-SIMPLIFIE_blanc-transparent-1024x857.png\",\"contentUrl\":\"http:\/\/placedurhum.com\/wp-content\/uploads\/2024\/06\/LOGO-SIMPLIFIE_blanc-transparent-1024x857.png\"},{\"@type\":\"BreadcrumbList\",\"@id\":\"https:\/\/placedurhum.com\/#breadcrumb\",\"itemListElement\":[{\"@type\":\"ListItem\",\"position\":1,\"name\":\"Accueil\",\"item\":\"https:\/\/placedurhum.com\/\"},{\"@type\":\"ListItem\",\"position\":2,\"name\":\"Place du rhum Antibes\"}]},{\"@type\":\"WebSite\",\"@id\":\"https:\/\/placedurhum.com\/#website\",\"url\":\"https:\/\/placedurhum.com\/\",\"name\":\"Place du rhum\",\"description\":\"Cave et bar \u00e0 cocktail\",\"publisher\":{\"@id\":\"https:\/\/placedurhum.com\/#organization\"},\"potentialAction\":[{\"@type\":\"SearchAction\",\"target\":{\"@type\":\"EntryPoint\",\"urlTemplate\":\"https:\/\/placedurhum.com\/?s={search_term_string}\"},\"query-input\":{\"@type\":\"PropertyValueSpecification\",\"valueRequired\":true,\"valueName\":\"search_term_string\"}}],\"inLanguage\":\"en-US\"},{\"@type\":\"Organization\",\"@id\":\"https:\/\/placedurhum.com\/#organization\",\"name\":\"Place du rhum\",\"url\":\"https:\/\/placedurhum.com\/\",\"logo\":{\"@type\":\"ImageObject\",\"inLanguage\":\"en-US\",\"@id\":\"https:\/\/placedurhum.com\/#\/schema\/logo\/image\/\",\"url\":\"https:\/\/placedurhum.com\/wp-content\/uploads\/2024\/06\/cropped-logo_placedurhum.png\",\"contentUrl\":\"https:\/\/placedurhum.com\/wp-content\/uploads\/2024\/06\/cropped-logo_placedurhum.png\",\"width\":150,\"height\":140,\"caption\":\"Place du rhum\"},\"image\":{\"@id\":\"https:\/\/placedurhum.com\/#\/schema\/logo\/image\/\"},\"sameAs\":[\"https:\/\/www.facebook.com\/placedurhum\/?locale=fr_FR\",\"https:\/\/www.instagram.com\/placedurhum\/\"]}]}<\/script>\n<!-- \/ Yoast SEO plugin. -->","yoast_head_json":{"title":"Place du rhum Antibes - Place du rhum","description":"D\u00e9couvrez une s\u00e9lection exceptionnelle de rhums rares et prestigieux sur Place du Rhum. Explorez des mill\u00e9simes d\u2019exception, des rhums vieux et des \u00e9ditions limit\u00e9es, parfaits pour les amateurs et collectionneurs.","robots":{"index":"index","follow":"follow","max-snippet":"max-snippet:-1","max-image-preview":"max-image-preview:large","max-video-preview":"max-video-preview:-1"},"canonical":"https:\/\/placedurhum.com\/","og_locale":"en_US","og_type":"article","og_title":"Place du rhum Antibes - Place du rhum","og_description":"D\u00e9couvrez une s\u00e9lection exceptionnelle de rhums rares et prestigieux sur Place du Rhum. Explorez des mill\u00e9simes d\u2019exception, des rhums vieux et des \u00e9ditions limit\u00e9es, parfaits pour les amateurs et collectionneurs.","og_url":"https:\/\/placedurhum.com\/","og_site_name":"Place du rhum","article_publisher":"https:\/\/www.facebook.com\/placedurhum\/?locale=fr_FR","article_modified_time":"2024-10-27T20:32:41+00:00","og_image":[{"url":"http:\/\/placedurhum.com\/wp-content\/uploads\/2024\/06\/LOGO-SIMPLIFIE_blanc-transparent-1024x857.png"}],"twitter_card":"summary_large_image","twitter_misc":{"Est. reading time":"3 minutes"},"schema":{"@context":"https:\/\/schema.org","@graph":[{"@type":"WebPage","@id":"https:\/\/placedurhum.com\/","url":"https:\/\/placedurhum.com\/","name":"Place du rhum Antibes - Place du rhum","isPartOf":{"@id":"https:\/\/placedurhum.com\/#website"},"primaryImageOfPage":{"@id":"https:\/\/placedurhum.com\/#primaryimage"},"image":{"@id":"https:\/\/placedurhum.com\/#primaryimage"},"thumbnailUrl":"http:\/\/placedurhum.com\/wp-content\/uploads\/2024\/06\/LOGO-SIMPLIFIE_blanc-transparent-1024x857.png","datePublished":"2024-06-14T14:40:37+00:00","dateModified":"2024-10-27T20:32:41+00:00","description":"D\u00e9couvrez une s\u00e9lection exceptionnelle de rhums rares et prestigieux sur Place du Rhum. Explorez des mill\u00e9simes d\u2019exception, des rhums vieux et des \u00e9ditions limit\u00e9es, parfaits pour les amateurs et collectionneurs.","breadcrumb":{"@id":"https:\/\/placedurhum.com\/#breadcrumb"},"inLanguage":"en-US","potentialAction":[{"@type":"ReadAction","target":["https:\/\/placedurhum.com\/"]}]},{"@type":"ImageObject","inLanguage":"en-US","@id":"https:\/\/placedurhum.com\/#primaryimage","url":"http:\/\/placedurhum.com\/wp-content\/uploads\/2024\/06\/LOGO-SIMPLIFIE_blanc-transparent-1024x857.png","contentUrl":"http:\/\/placedurhum.com\/wp-content\/uploads\/2024\/06\/LOGO-SIMPLIFIE_blanc-transparent-1024x857.png"},{"@type":"BreadcrumbList","@id":"https:\/\/placedurhum.com\/#breadcrumb","itemListElement":[{"@type":"ListItem","position":1,"name":"Accueil","item":"https:\/\/placedurhum.com\/"},{"@type":"ListItem","position":2,"name":"Place du rhum Antibes"}]},{"@type":"WebSite","@id":"https:\/\/placedurhum.com\/#website","url":"https:\/\/placedurhum.com\/","name":"Place du rhum","description":"Cave et bar \u00e0 cocktail","publisher":{"@id":"https:\/\/placedurhum.com\/#organization"},"potentialAction":[{"@type":"SearchAction","target":{"@type":"EntryPoint","urlTemplate":"https:\/\/placedurhum.com\/?s={search_term_string}"},"query-input":{"@type":"PropertyValueSpecification","valueRequired":true,"valueName":"search_term_string"}}],"inLanguage":"en-US"},{"@type":"Organization","@id":"https:\/\/placedurhum.com\/#organization","name":"Place du rhum","url":"https:\/\/placedurhum.com\/","logo":{"@type":"ImageObject","inLanguage":"en-US","@id":"https:\/\/placedurhum.com\/#\/schema\/logo\/image\/","url":"https:\/\/placedurhum.com\/wp-content\/uploads\/2024\/06\/cropped-logo_placedurhum.png","contentUrl":"https:\/\/placedurhum.com\/wp-content\/uploads\/2024\/06\/cropped-logo_placedurhum.png","width":150,"height":140,"caption":"Place du rhum"},"image":{"@id":"https:\/\/placedurhum.com\/#\/schema\/logo\/image\/"},"sameAs":["https:\/\/www.facebook.com\/placedurhum\/?locale=fr_FR","https:\/\/www.instagram.com\/placedurhum\/"]}]}},"_links":{"self":[{"href":"https:\/\/placedurhum.com\/index.php\/wp-json\/wp\/v2\/pages\/11","targetHints":{"allow":["GET"]}}],"collection":[{"href":"https:\/\/placedurhum.com\/index.php\/wp-json\/wp\/v2\/pages"}],"about":[{"href":"https:\/\/placedurhum.com\/index.php\/wp-json\/wp\/v2\/types\/page"}],"author":[{"embeddable":true,"href":"https:\/\/placedurhum.com\/index.php\/wp-json\/wp\/v2\/users\/1"}],"replies":[{"embeddable":true,"href":"https:\/\/placedurhum.com\/index.php\/wp-json\/wp\/v2\/comments?post=11"}],"version-history":[{"count":204,"href":"https:\/\/placedurhum.com\/index.php\/wp-json\/wp\/v2\/pages\/11\/revisions"}],"predecessor-version":[{"id":655,"href":"https:\/\/placedurhum.com\/index.php\/wp-json\/wp\/v2\/pages\/11\/revisions\/655"}],"wp:attachment":[{"href":"https:\/\/placedurhum.com\/index.php\/wp-json\/wp\/v2\/media?parent=11"}],"curies":[{"name":"wp","href":"https:\/\/api.w.org\/{rel}","templated":true}]}}